{"id":6522,"date":"2025-04-25T12:13:22","date_gmt":"2025-04-25T12:13:22","guid":{"rendered":"https:\/\/itopdev.wpenginepowered.com\/contact\/"},"modified":"2025-07-16T19:21:55","modified_gmt":"2025-07-16T19:21:55","slug":"contact","status":"publish","type":"page","link":"https:\/\/combodo.com\/fr\/contact\/","title":{"rendered":"Contact"},"content":{"rendered":"<p>[et_pb_section fb_built=\u00a0\u00bb1&Prime; admin_label=\u00a0\u00bbHeader page\u00a0\u00bb module_class=\u00a0\u00bbheader-section dots-bottom-right\u00a0\u00bb _builder_version=\u00a0\u00bb4.16&Prime; _module_preset=\u00a0\u00bbdefault\u00a0\u00bb global_colors_info=\u00a0\u00bb{}\u00a0\u00bb][et_pb_row module_class=\u00a0\u00bbheader-row\u00a0\u00bb _builder_version=\u00a0\u00bb4.16&Prime; _module_preset=\u00a0\u00bbdefault\u00a0\u00bb animation_style=\u00a0\u00bbfade\u00a0\u00bb global_colors_info=\u00a0\u00bb{}\u00a0\u00bb][et_pb_column type=\u00a0\u00bb4_4&Prime; _builder_version=\u00a0\u00bb4.16&Prime; _module_preset=\u00a0\u00bbdefault\u00a0\u00bb global_colors_info=\u00a0\u00bb{}\u00a0\u00bb][et_pb_text admin_label=\u00a0\u00bbSubtitle\u00a0\u00bb module_class=\u00a0\u00bbtag-module\u00a0\u00bb _builder_version=\u00a0\u00bb4.27.4&Prime; _module_preset=\u00a0\u00bbdefault\u00a0\u00bb global_colors_info=\u00a0\u00bb{}\u00a0\u00bb]Contact[\/et_pb_text][et_pb_cta title=\u00a0\u00bbUne question ou une d\u00e9mo ? <br \/>Nous sommes l\u00e0 pour vous aider<span>.<\/span>\u00a0\u00bb admin_label=\u00a0\u00bbTitre\u00a0\u00bb module_class=\u00a0\u00bbheader-title\u00a0\u00bb _builder_version=\u00a0\u00bb4.27.4&Prime; _module_preset=\u00a0\u00bbdefault\u00a0\u00bb header_level=\u00a0\u00bbh1&Prime; text_orientation=\u00a0\u00bbleft\u00a0\u00bb background_layout=\u00a0\u00bblight\u00a0\u00bb hover_enabled=\u00a0\u00bb0&Prime; global_colors_info=\u00a0\u00bb{}\u00a0\u00bb sticky_enabled=\u00a0\u00bb0&Prime;][\/et_pb_cta][\/et_pb_column][\/et_pb_row][et_pb_row module_class=\u00a0\u00bbheader-bottom-row right\u00a0\u00bb _builder_version=\u00a0\u00bb4.16&Prime; _module_preset=\u00a0\u00bbdefault\u00a0\u00bb background_color=\u00a0\u00bbRGBA(255,255,255,0)\u00a0\u00bb collapsed=\u00a0\u00bbon\u00a0\u00bb global_colors_info=\u00a0\u00bb{}\u00a0\u00bb][et_pb_column type=\u00a0\u00bb4_4&Prime; _builder_version=\u00a0\u00bb4.16&Prime; _module_preset=\u00a0\u00bbdefault\u00a0\u00bb global_colors_info=\u00a0\u00bb{}\u00a0\u00bb][\/et_pb_column][\/et_pb_row][\/et_pb_section][et_pb_section fb_built=\u00a0\u00bb1&Prime; admin_label=\u00a0\u00bbDescription\u00a0\u00bb module_class=\u00a0\u00bbbg-dark sub-header-section arc-orange arc-right\u00a0\u00bb _builder_version=\u00a0\u00bb4.16&Prime; _module_preset=\u00a0\u00bbdefault\u00a0\u00bb global_colors_info=\u00a0\u00bb{}\u00a0\u00bb][et_pb_row module_class=\u00a0\u00bbsub-header-row\u00a0\u00bb _builder_version=\u00a0\u00bb4.16&Prime; _module_preset=\u00a0\u00bbdefault\u00a0\u00bb animation_style=\u00a0\u00bbfade\u00a0\u00bb global_colors_info=\u00a0\u00bb{}\u00a0\u00bb][et_pb_column type=\u00a0\u00bb4_4&Prime; _builder_version=\u00a0\u00bb4.16&Prime; _module_preset=\u00a0\u00bbdefault\u00a0\u00bb global_colors_info=\u00a0\u00bb{}\u00a0\u00bb][et_pb_text disabled_on=\u00a0\u00bbon|on|on\u00a0\u00bb module_class=\u00a0\u00bbsub-header-module\u00a0\u00bb _builder_version=\u00a0\u00bb4.16&Prime; _module_preset=\u00a0\u00bbdefault\u00a0\u00bb disabled=\u00a0\u00bbon\u00a0\u00bb global_colors_info=\u00a0\u00bb{}\u00a0\u00bb]No problem! Delphine and Abdel will be happy to help you![\/et_pb_text][et_pb_code admin_label=\u00a0\u00bbForm\u00a0\u00bb module_class=\u00a0\u00bbform-module\u00a0\u00bb _builder_version=\u00a0\u00bb4.27.4&Prime; _module_preset=\u00a0\u00bbdefault\u00a0\u00bb global_colors_info=\u00a0\u00bb{}\u00a0\u00bb]\n\t\t\t\t\t\t<script>\n\t\t\t\t\t\t\twindow.hsFormsOnReady = window.hsFormsOnReady || [];\n\t\t\t\t\t\t\twindow.hsFormsOnReady.push(()=>{\n\t\t\t\t\t\t\t\thbspt.forms.create({\n\t\t\t\t\t\t\t\t\tportalId: 26785591,\n\t\t\t\t\t\t\t\t\tformId: \"076d4ec0-f847-4a85-8f54-6397bb68259f\",\n\t\t\t\t\t\t\t\t\ttarget: \"#hbspt-form-1778860976000-6372672034\",\n\t\t\t\t\t\t\t\t\tregion: \"eu1\",\n\t\t\t\t\t\t\t\t\t\n\t\t\t\t\t\t\t})});\n\t\t\t\t\t\t<\/script>\n\t\t\t\t\t\t<div class=\"hbspt-form\" id=\"hbspt-form-1778860976000-6372672034\"><\/div>[\/et_pb_code][\/et_pb_column][\/et_pb_row][\/et_pb_section][et_pb_section fb_built=\u00a0\u00bb1&Prime; admin_label=\u00a0\u00bbInfos\u00a0\u00bb module_class=\u00a0\u00bbfullwidth blurb-section\u00a0\u00bb _builder_version=\u00a0\u00bb4.16&Prime; _module_preset=\u00a0\u00bbdefault\u00a0\u00bb global_colors_info=\u00a0\u00bb{}\u00a0\u00bb][et_pb_row module_class=\u00a0\u00bbsocials-row flex-three\u00a0\u00bb _builder_version=\u00a0\u00bb4.16&Prime; _module_preset=\u00a0\u00bbdefault\u00a0\u00bb global_colors_info=\u00a0\u00bb{}\u00a0\u00bb][et_pb_column type=\u00a0\u00bb4_4&Prime; _builder_version=\u00a0\u00bb4.16&Prime; _module_preset=\u00a0\u00bbdefault\u00a0\u00bb global_colors_info=\u00a0\u00bb{}\u00a0\u00bb][et_pb_blurb title=\u00a0\u00bbAppelez-nous\u00a0\u00bb image=\u00a0\u00bbhttps:\/\/combodo.com\/wp-content\/uploads\/2025\/05\/call-us.svg\u00a0\u00bb alt=\u00a0\u00bbcall-us\u00a0\u00bb icon_placement=\u00a0\u00bbleft\u00a0\u00bb admin_label=\u00a0\u00bbAppelez-nous\u00a0\u00bb module_class=\u00a0\u00bbblurb-module\u00a0\u00bb _builder_version=\u00a0\u00bb4.27.4&Prime; _module_preset=\u00a0\u00bbdefault\u00a0\u00bb header_level=\u00a0\u00bbh3&Prime; animation=\u00a0\u00bboff\u00a0\u00bb global_colors_info=\u00a0\u00bb{}\u00a0\u00bb]+33 (0)4 58 55 01 01[\/et_pb_blurb][et_pb_blurb title=\u00a0\u00bbTrouvez-nous\u00a0\u00bb image=\u00a0\u00bbhttps:\/\/combodo.com\/wp-content\/uploads\/2025\/05\/localisation.svg\u00a0\u00bb alt=\u00a0\u00bblocalisation\u00a0\u00bb icon_placement=\u00a0\u00bbleft\u00a0\u00bb admin_label=\u00a0\u00bbTrouvez-nous\u00a0\u00bb module_class=\u00a0\u00bbblurb-module\u00a0\u00bb _builder_version=\u00a0\u00bb4.27.4&Prime; _module_preset=\u00a0\u00bbdefault\u00a0\u00bb header_level=\u00a0\u00bbh3&Prime; animation=\u00a0\u00bboff\u00a0\u00bb global_colors_info=\u00a0\u00bb{}\u00a0\u00bb]<a href=\"https:\/\/maps.app.goo.gl\/tMAGknFUCrZTStb49\" target=\"_blank\" rel=\"noopener\">Combodo<br \/>\n5 rue de l\u2019Octant, 38130 Echirolles<\/a>[\/et_pb_blurb][et_pb_blurb title=\u00a0\u00bbSuivez-nous\u00a0\u00bb image=\u00a0\u00bbhttps:\/\/combodo.com\/wp-content\/uploads\/2025\/05\/thumb.svg\u00a0\u00bb alt=\u00a0\u00bbthumb\u00a0\u00bb icon_placement=\u00a0\u00bbleft\u00a0\u00bb admin_label=\u00a0\u00bbSuivez-nous\u00a0\u00bb module_class=\u00a0\u00bbblurb-module socials\u00a0\u00bb _builder_version=\u00a0\u00bb4.27.4&Prime; _module_preset=\u00a0\u00bbdefault\u00a0\u00bb header_level=\u00a0\u00bbh3&Prime; animation=\u00a0\u00bboff\u00a0\u00bb global_colors_info=\u00a0\u00bb{}\u00a0\u00bb]<a href=\"https:\/\/www.linkedin.com\/company\/itopbycombodo\/\" target=\"_blank\"><img decoding=\"async\" src=\"\/wp-content\/uploads\/2025\/05\/linkedin.svg\" alt=\"Linkedin iTop\" \/><\/a><a href=\"https:\/\/x.com\/itopbycombodo\" target=\"_blank\"><img decoding=\"async\" src=\"\/wp-content\/uploads\/2025\/05\/twitter.svg\" alt=\"X iTop\" \/><\/a><a href=\"https:\/\/www.youtube.com\/channel\/UCesSNCXhwCkaylu6K5sO4hg\" target=\"_blank\"><img decoding=\"async\" src=\"\/wp-content\/uploads\/2025\/05\/youtube.svg\" alt=\"Youtube iTop\" \/><\/a>[\/et_pb_blurb][\/et_pb_column][\/et_pb_row][\/et_pb_section]<\/p>\n","protected":false},"excerpt":{"rendered":"<p>ContactNo problem! Delphine and Abdel will be happy to help you!\n\t\t\t\t\t\t<script>\n\t\t\t\t\t\t\twindow.hsFormsOnReady = window.hsFormsOnReady || [];\n\t\t\t\t\t\t\twindow.hsFormsOnReady.push(()=>{\n\t\t\t\t\t\t\t\thbspt.forms.create({\n\t\t\t\t\t\t\t\t\tportalId: 26785591,\n\t\t\t\t\t\t\t\t\tformId: \"076d4ec0-f847-4a85-8f54-6397bb68259f\",\n\t\t\t\t\t\t\t\t\ttarget: \"#hbspt-form-1778860976000-4015498537\",\n\t\t\t\t\t\t\t\t\tregion: \"eu1\",\n\t\t\t\t\t\t\t\t\t\n\t\t\t\t\t\t\t})});\n\t\t\t\t\t\t<\/script>\n\t\t\t\t\t\t<div class=\"hbspt-form\" id=\"hbspt-form-1778860976000-4015498537\"><\/div>+33 (0)4 58 55 01 01Combodo 5 rue de l\u2019Octant, 38130 Echirolles<\/p>\n","protected":false},"author":2,"featured_media":0,"parent":0,"menu_order":0,"comment_status":"closed","ping_status":"closed","template":"","meta":{"_acf_changed":false,"_et_pb_use_builder":"on","_et_pb_old_content":"","_et_gb_content_width":"","content-type":"","footnotes":""},"class_list":["post-6522","page","type-page","status-publish","hentry"],"acf":[],"yoast_head":"<!-- This site is optimized with the Yoast SEO plugin v27.4 - https:\/\/yoast.com\/product\/yoast-seo-wordpress\/ -->\n<title>Contact Combodo \u2013 Demande de d\u00e9mo &amp; questions<\/title>\n<meta name=\"description\" content=\"Une question ? Besoin d\u2019aide ou d\u2019informations sur iTop ? Notre \u00e9quipe est l\u00e0 pour vous accompagner. Contactez-nous d\u00e8s aujourd\u2019hui !\" \/>\n<meta name=\"robots\" content=\"index, follow, max-snippet:-1, max-image-preview:large, max-video-preview:-1\" \/>\n<link rel=\"canonical\" href=\"https:\/\/combodo.com\/fr\/contact\/\" \/>\n<meta property=\"og:locale\" content=\"fr_FR\" \/>\n<meta property=\"og:type\" content=\"article\" \/>\n<meta property=\"og:title\" content=\"Contact Combodo \u2013 Demande de d\u00e9mo &amp; questions\" \/>\n<meta property=\"og:description\" content=\"Une question ? Besoin d\u2019aide ou d\u2019informations sur iTop ? Notre \u00e9quipe est l\u00e0 pour vous accompagner. Contactez-nous d\u00e8s aujourd\u2019hui !\" \/>\n<meta property=\"og:url\" content=\"https:\/\/combodo.com\/fr\/contact\/\" \/>\n<meta property=\"og:site_name\" content=\"iTop\" \/>\n<meta property=\"article:modified_time\" content=\"2025-07-16T19:21:55+00:00\" \/>\n<meta property=\"og:image\" content=\"https:\/\/combodo.com\/wp-content\/uploads\/2025\/06\/yoast.jpg\" \/>\n\t<meta property=\"og:image:width\" content=\"1200\" \/>\n\t<meta property=\"og:image:height\" content=\"675\" \/>\n\t<meta property=\"og:image:type\" content=\"image\/jpeg\" \/>\n<meta name=\"twitter:card\" content=\"summary_large_image\" \/>\n<meta name=\"twitter:label1\" content=\"Est. reading time\" \/>\n\t<meta name=\"twitter:data1\" content=\"2 minutes\" \/>\n<script type=\"application\/ld+json\" class=\"yoast-schema-graph\">{\"@context\":\"https:\\\/\\\/schema.org\",\"@graph\":[{\"@type\":\"WebPage\",\"@id\":\"https:\\\/\\\/combodo.com\\\/fr\\\/contact\\\/\",\"url\":\"https:\\\/\\\/combodo.com\\\/fr\\\/contact\\\/\",\"name\":\"Contact Combodo \u2013 Demande de d\u00e9mo & questions\",\"isPartOf\":{\"@id\":\"https:\\\/\\\/combodo.com\\\/#website\"},\"datePublished\":\"2025-04-25T12:13:22+00:00\",\"dateModified\":\"2025-07-16T19:21:55+00:00\",\"description\":\"Une question ? Besoin d\u2019aide ou d\u2019informations sur iTop ? Notre \u00e9quipe est l\u00e0 pour vous accompagner. Contactez-nous d\u00e8s aujourd\u2019hui !\",\"breadcrumb\":{\"@id\":\"https:\\\/\\\/combodo.com\\\/fr\\\/contact\\\/#breadcrumb\"},\"inLanguage\":\"fr-FR\",\"potentialAction\":[{\"@type\":\"ReadAction\",\"target\":[\"https:\\\/\\\/combodo.com\\\/fr\\\/contact\\\/\"]}]},{\"@type\":\"BreadcrumbList\",\"@id\":\"https:\\\/\\\/combodo.com\\\/fr\\\/contact\\\/#breadcrumb\",\"itemListElement\":[{\"@type\":\"ListItem\",\"position\":1,\"name\":\"Home\",\"item\":\"https:\\\/\\\/combodo.com\\\/fr\\\/\"},{\"@type\":\"ListItem\",\"position\":2,\"name\":\"Contact\"}]},{\"@type\":\"WebSite\",\"@id\":\"https:\\\/\\\/combodo.com\\\/#website\",\"url\":\"https:\\\/\\\/combodo.com\\\/\",\"name\":\"iTop, easy service management\",\"description\":\"Easy service management\",\"publisher\":{\"@id\":\"https:\\\/\\\/combodo.com\\\/#organization\"},\"potentialAction\":[{\"@type\":\"SearchAction\",\"target\":{\"@type\":\"EntryPoint\",\"urlTemplate\":\"https:\\\/\\\/combodo.com\\\/?s={search_term_string}\"},\"query-input\":{\"@type\":\"PropertyValueSpecification\",\"valueRequired\":true,\"valueName\":\"search_term_string\"}}],\"inLanguage\":\"fr-FR\"},{\"@type\":\"Organization\",\"@id\":\"https:\\\/\\\/combodo.com\\\/#organization\",\"name\":\"iTop\",\"url\":\"https:\\\/\\\/combodo.com\\\/\",\"logo\":{\"@type\":\"ImageObject\",\"inLanguage\":\"fr-FR\",\"@id\":\"https:\\\/\\\/combodo.com\\\/#\\\/schema\\\/logo\\\/image\\\/\",\"url\":\"https:\\\/\\\/combodo.com\\\/wp-content\\\/uploads\\\/2025\\\/06\\\/yoast-logo.jpg\",\"contentUrl\":\"https:\\\/\\\/combodo.com\\\/wp-content\\\/uploads\\\/2025\\\/06\\\/yoast-logo.jpg\",\"width\":696,\"height\":696,\"caption\":\"iTop\"},\"image\":{\"@id\":\"https:\\\/\\\/combodo.com\\\/#\\\/schema\\\/logo\\\/image\\\/\"},\"sameAs\":[\"https:\\\/\\\/x.com\\\/iTopByCombodo\",\"https:\\\/\\\/www.youtube.com\\\/@itopbycombodo1800\"]}]}<\/script>\n<!-- \/ Yoast SEO plugin. -->","yoast_head_json":{"title":"Contact Combodo \u2013 Demande de d\u00e9mo & questions","description":"Une question ? Besoin d\u2019aide ou d\u2019informations sur iTop ? Notre \u00e9quipe est l\u00e0 pour vous accompagner. Contactez-nous d\u00e8s aujourd\u2019hui !","robots":{"index":"index","follow":"follow","max-snippet":"max-snippet:-1","max-image-preview":"max-image-preview:large","max-video-preview":"max-video-preview:-1"},"canonical":"https:\/\/combodo.com\/fr\/contact\/","og_locale":"fr_FR","og_type":"article","og_title":"Contact Combodo \u2013 Demande de d\u00e9mo & questions","og_description":"Une question ? Besoin d\u2019aide ou d\u2019informations sur iTop ? Notre \u00e9quipe est l\u00e0 pour vous accompagner. Contactez-nous d\u00e8s aujourd\u2019hui !","og_url":"https:\/\/combodo.com\/fr\/contact\/","og_site_name":"iTop","article_modified_time":"2025-07-16T19:21:55+00:00","og_image":[{"width":1200,"height":675,"url":"https:\/\/combodo.com\/wp-content\/uploads\/2025\/06\/yoast.jpg","type":"image\/jpeg"}],"twitter_card":"summary_large_image","twitter_misc":{"Est. reading time":"2 minutes"},"schema":{"@context":"https:\/\/schema.org","@graph":[{"@type":"WebPage","@id":"https:\/\/combodo.com\/fr\/contact\/","url":"https:\/\/combodo.com\/fr\/contact\/","name":"Contact Combodo \u2013 Demande de d\u00e9mo & questions","isPartOf":{"@id":"https:\/\/combodo.com\/#website"},"datePublished":"2025-04-25T12:13:22+00:00","dateModified":"2025-07-16T19:21:55+00:00","description":"Une question ? Besoin d\u2019aide ou d\u2019informations sur iTop ? Notre \u00e9quipe est l\u00e0 pour vous accompagner. Contactez-nous d\u00e8s aujourd\u2019hui !","breadcrumb":{"@id":"https:\/\/combodo.com\/fr\/contact\/#breadcrumb"},"inLanguage":"fr-FR","potentialAction":[{"@type":"ReadAction","target":["https:\/\/combodo.com\/fr\/contact\/"]}]},{"@type":"BreadcrumbList","@id":"https:\/\/combodo.com\/fr\/contact\/#breadcrumb","itemListElement":[{"@type":"ListItem","position":1,"name":"Home","item":"https:\/\/combodo.com\/fr\/"},{"@type":"ListItem","position":2,"name":"Contact"}]},{"@type":"WebSite","@id":"https:\/\/combodo.com\/#website","url":"https:\/\/combodo.com\/","name":"iTop, easy service management","description":"Easy service management","publisher":{"@id":"https:\/\/combodo.com\/#organization"},"potentialAction":[{"@type":"SearchAction","target":{"@type":"EntryPoint","urlTemplate":"https:\/\/combodo.com\/?s={search_term_string}"},"query-input":{"@type":"PropertyValueSpecification","valueRequired":true,"valueName":"search_term_string"}}],"inLanguage":"fr-FR"},{"@type":"Organization","@id":"https:\/\/combodo.com\/#organization","name":"iTop","url":"https:\/\/combodo.com\/","logo":{"@type":"ImageObject","inLanguage":"fr-FR","@id":"https:\/\/combodo.com\/#\/schema\/logo\/image\/","url":"https:\/\/combodo.com\/wp-content\/uploads\/2025\/06\/yoast-logo.jpg","contentUrl":"https:\/\/combodo.com\/wp-content\/uploads\/2025\/06\/yoast-logo.jpg","width":696,"height":696,"caption":"iTop"},"image":{"@id":"https:\/\/combodo.com\/#\/schema\/logo\/image\/"},"sameAs":["https:\/\/x.com\/iTopByCombodo","https:\/\/www.youtube.com\/@itopbycombodo1800"]}]}},"_links":{"self":[{"href":"https:\/\/combodo.com\/fr\/wp-json\/wp\/v2\/pages\/6522","targetHints":{"allow":["GET"]}}],"collection":[{"href":"https:\/\/combodo.com\/fr\/wp-json\/wp\/v2\/pages"}],"about":[{"href":"https:\/\/combodo.com\/fr\/wp-json\/wp\/v2\/types\/page"}],"author":[{"embeddable":true,"href":"https:\/\/combodo.com\/fr\/wp-json\/wp\/v2\/users\/2"}],"replies":[{"embeddable":true,"href":"https:\/\/combodo.com\/fr\/wp-json\/wp\/v2\/comments?post=6522"}],"version-history":[{"count":0,"href":"https:\/\/combodo.com\/fr\/wp-json\/wp\/v2\/pages\/6522\/revisions"}],"wp:attachment":[{"href":"https:\/\/combodo.com\/fr\/wp-json\/wp\/v2\/media?parent=6522"}],"curies":[{"name":"wp","href":"https:\/\/api.w.org\/{rel}","templated":true}]}}