{"id":6526,"date":"2025-05-15T10:13:32","date_gmt":"2025-05-15T10:13:32","guid":{"rendered":"https:\/\/itopdev.wpenginepowered.com\/legal-mentions\/"},"modified":"2025-07-15T13:33:02","modified_gmt":"2025-07-15T13:33:02","slug":"mentions-legales","status":"publish","type":"page","link":"https:\/\/combodo.com\/fr\/mentions-legales\/","title":{"rendered":"Mentions l\u00e9gales"},"content":{"rendered":"<p>[et_pb_section fb_built=\u00a0\u00bb1&Prime; admin_label=\u00a0\u00bbHeader page\u00a0\u00bb module_class=\u00a0\u00bbheader-section dots-top-right header-small-section border-bottom align-center\u00a0\u00bb _builder_version=\u00a0\u00bb4.16&Prime; _module_preset=\u00a0\u00bbdefault\u00a0\u00bb locked=\u00a0\u00bboff\u00a0\u00bb collapsed=\u00a0\u00bboff\u00a0\u00bb global_colors_info=\u00a0\u00bb{}\u00a0\u00bb][et_pb_row module_class=\u00a0\u00bbheader-row\u00a0\u00bb _builder_version=\u00a0\u00bb4.16&Prime; _module_preset=\u00a0\u00bbdefault\u00a0\u00bb animation_style=\u00a0\u00bbfade\u00a0\u00bb global_colors_info=\u00a0\u00bb{}\u00a0\u00bb][et_pb_column type=\u00a0\u00bb4_4&Prime; _builder_version=\u00a0\u00bb4.16&Prime; _module_preset=\u00a0\u00bbdefault\u00a0\u00bb global_colors_info=\u00a0\u00bb{}\u00a0\u00bb][et_pb_cta title=\u00a0\u00bbMentions l\u00e9gales<span>.<\/span>\u00a0\u00bb admin_label=\u00a0\u00bbTitre\u00a0\u00bb module_class=\u00a0\u00bbheader-title\u00a0\u00bb _builder_version=\u00a0\u00bb4.27.4&Prime; _module_preset=\u00a0\u00bbdefault\u00a0\u00bb header_level=\u00a0\u00bbh1&Prime; header_text_align=\u00a0\u00bbcenter\u00a0\u00bb text_orientation=\u00a0\u00bbleft\u00a0\u00bb background_layout=\u00a0\u00bblight\u00a0\u00bb hover_enabled=\u00a0\u00bb0&Prime; global_colors_info=\u00a0\u00bb{}\u00a0\u00bb sticky_enabled=\u00a0\u00bb0&Prime;][\/et_pb_cta][\/et_pb_column][\/et_pb_row][et_pb_row module_class=\u00a0\u00bbheader-bottom-row right\u00a0\u00bb _builder_version=\u00a0\u00bb4.16&Prime; _module_preset=\u00a0\u00bbdefault\u00a0\u00bb background_color=\u00a0\u00bbRGBA(255,255,255,0)\u00a0\u00bb collapsed=\u00a0\u00bbon\u00a0\u00bb global_colors_info=\u00a0\u00bb{}\u00a0\u00bb][et_pb_column type=\u00a0\u00bb4_4&Prime; _builder_version=\u00a0\u00bb4.16&Prime; _module_preset=\u00a0\u00bbdefault\u00a0\u00bb global_colors_info=\u00a0\u00bb{}\u00a0\u00bb][\/et_pb_column][\/et_pb_row][\/et_pb_section][et_pb_section fb_built=\u00a0\u00bb1&Prime; admin_label=\u00a0\u00bbContenu\u00a0\u00bb module_class=\u00a0\u00bbcgv-section no-margin-t padding-t-s\u00a0\u00bb _builder_version=\u00a0\u00bb4.16&Prime; _module_preset=\u00a0\u00bbdefault\u00a0\u00bb animation_style=\u00a0\u00bbfade\u00a0\u00bb collapsed=\u00a0\u00bboff\u00a0\u00bb global_colors_info=\u00a0\u00bb{}\u00a0\u00bb][et_pb_row admin_label=\u00a0\u00bb1.1 Qui sommes-nous ?\u00a0\u00bb module_class=\u00a0\u00bbcgv-row margin-b-s\u00a0\u00bb _builder_version=\u00a0\u00bb4.16&Prime; _module_preset=\u00a0\u00bbdefault\u00a0\u00bb background_size=\u00a0\u00bbinitial\u00a0\u00bb background_position=\u00a0\u00bbtop_left\u00a0\u00bb background_repeat=\u00a0\u00bbrepeat\u00a0\u00bb global_colors_info=\u00a0\u00bb{}\u00a0\u00bb][et_pb_column type=\u00a0\u00bb4_4&Prime; _builder_version=\u00a0\u00bb4.16&Prime; _module_preset=\u00a0\u00bbdefault\u00a0\u00bb custom_padding=\u00a0\u00bb|||\u00a0\u00bb global_colors_info=\u00a0\u00bb{}\u00a0\u00bb custom_padding__hover=\u00a0\u00bb|||\u00a0\u00bb][et_pb_cta title=\u00a0\u00bb1.1 Qui sommes-nous ?\u00a0\u00bb admin_label=\u00a0\u00bb1.1 Qui sommes-nous ?\u00a0\u00bb module_class=\u00a0\u00bbcgv-module\u00a0\u00bb _builder_version=\u00a0\u00bb4.27.4&Prime; _module_preset=\u00a0\u00bbdefault\u00a0\u00bb header_level=\u00a0\u00bbh3&Prime; use_background_color=\u00a0\u00bboff\u00a0\u00bb text_orientation=\u00a0\u00bbleft\u00a0\u00bb background_layout=\u00a0\u00bblight\u00a0\u00bb hover_enabled=\u00a0\u00bb0&Prime; global_colors_info=\u00a0\u00bb{}\u00a0\u00bb sticky_enabled=\u00a0\u00bb0&Prime;]<\/p>\n<p>Statut du propri\u00e9taire : Soci\u00e9t\u00e9<br \/>Pr\u00e9fixe :\u202fSAS<br \/>Nom de la Soci\u00e9t\u00e9 : Combodo<br \/>Adresse : parc sud galaxie batiment atlas, 5 rue de l&rsquo;octant, 38130 Echirolles<br \/>Au Capital de : 279 045 \u20ac<br \/>SIRET : 52258897900024<br \/>Num\u00e9ro TVA intracommunautaire : FR84522588979<br \/>Adresse de courrier \u00e9lectronique :<a href=\"mailto:contact@combodo.com\">\u202fcontact@combodo.com<\/a><\/p>\n<p>Le Responsable de la publication est : Erwan Taloc<br \/>Contactez le responsable de la publication :\u202f<a href=\"mailto:marketing@combodo.com\">marketing@combodo.com<\/a><br \/>Le responsable de la publication est une personne physique<\/p>\n<p>Le Webmaster est : Delphine Coille<br \/>Contactez le Webmaster :<a href=\"mailto:marketing@combodo.com\">\u202fmarketing@combodo.com<\/a><\/p>\n<p>[\/et_pb_cta][\/et_pb_column][\/et_pb_row][et_pb_row admin_label=\u00a0\u00bb1.2 Editeur\u00a0\u00bb module_class=\u00a0\u00bbcgv-row margin-b-s\u00a0\u00bb _builder_version=\u00a0\u00bb4.16&Prime; _module_preset=\u00a0\u00bbdefault\u00a0\u00bb background_size=\u00a0\u00bbinitial\u00a0\u00bb background_position=\u00a0\u00bbtop_left\u00a0\u00bb background_repeat=\u00a0\u00bbrepeat\u00a0\u00bb global_colors_info=\u00a0\u00bb{}\u00a0\u00bb][et_pb_column type=\u00a0\u00bb4_4&Prime; _builder_version=\u00a0\u00bb4.16&Prime; _module_preset=\u00a0\u00bbdefault\u00a0\u00bb custom_padding=\u00a0\u00bb|||\u00a0\u00bb global_colors_info=\u00a0\u00bb{}\u00a0\u00bb custom_padding__hover=\u00a0\u00bb|||\u00a0\u00bb][et_pb_cta title=\u00a0\u00bb1.2 Editeur :\u00a0\u00bb admin_label=\u00a0\u00bb1.2 Editeur\u00a0\u00bb module_class=\u00a0\u00bbcgv-module\u00a0\u00bb _builder_version=\u00a0\u00bb4.27.4&Prime; _module_preset=\u00a0\u00bbdefault\u00a0\u00bb header_level=\u00a0\u00bbh3&Prime; use_background_color=\u00a0\u00bboff\u00a0\u00bb text_orientation=\u00a0\u00bbleft\u00a0\u00bb background_layout=\u00a0\u00bblight\u00a0\u00bb hover_enabled=\u00a0\u00bb0&Prime; global_colors_info=\u00a0\u00bb{}\u00a0\u00bb sticky_enabled=\u00a0\u00bb0&Prime;]<\/p>\n<p>Ce site a \u00e9t\u00e9 cr\u00e9\u00e9 par Mexiiico, plus d\u2019informations\u202f<a href=\"https:\/\/mexiiico.com\/\" target=\"_blank\" rel=\"noopener\">www.mexiiico.com<\/a><\/p>\n<p>[\/et_pb_cta][\/et_pb_column][\/et_pb_row][et_pb_row admin_label=\u00a0\u00bb1.3 H\u00e9bergeur :\u00a0\u00bb module_class=\u00a0\u00bbcgv-row margin-b-s\u00a0\u00bb _builder_version=\u00a0\u00bb4.16&Prime; _module_preset=\u00a0\u00bbdefault\u00a0\u00bb background_size=\u00a0\u00bbinitial\u00a0\u00bb background_position=\u00a0\u00bbtop_left\u00a0\u00bb background_repeat=\u00a0\u00bbrepeat\u00a0\u00bb global_colors_info=\u00a0\u00bb{}\u00a0\u00bb][et_pb_column type=\u00a0\u00bb4_4&Prime; _builder_version=\u00a0\u00bb4.16&Prime; _module_preset=\u00a0\u00bbdefault\u00a0\u00bb custom_padding=\u00a0\u00bb|||\u00a0\u00bb global_colors_info=\u00a0\u00bb{}\u00a0\u00bb custom_padding__hover=\u00a0\u00bb|||\u00a0\u00bb][et_pb_cta title=\u00a0\u00bb1.3 H\u00e9bergeur :\u00a0\u00bb admin_label=\u00a0\u00bb1.3 H\u00e9bergeur :\u00a0\u00bb module_class=\u00a0\u00bbcgv-module\u00a0\u00bb _builder_version=\u00a0\u00bb4.27.4&Prime; _module_preset=\u00a0\u00bbdefault\u00a0\u00bb header_level=\u00a0\u00bbh3&Prime; use_background_color=\u00a0\u00bboff\u00a0\u00bb text_orientation=\u00a0\u00bbleft\u00a0\u00bb background_layout=\u00a0\u00bblight\u00a0\u00bb hover_enabled=\u00a0\u00bb0&Prime; global_colors_info=\u00a0\u00bb{}\u00a0\u00bb sticky_enabled=\u00a0\u00bb0&Prime;]<\/p>\n<p>Ce site est h\u00e9berg\u00e9 par la soci\u00e9t\u00e9 WP Engine : WP Engine, Inc. 504 Lavaca, Suite 1000, Austin, TX 78701, USA.<br \/>T\u00e9l. +44 (0) 20 3770 9704 \u2013 Site Web :<a href=\"http:\/\/www.wpengine.com\">\u202fwww.wpengine.com<\/a><\/p>\n<p>[\/et_pb_cta][\/et_pb_column][\/et_pb_row][et_pb_row admin_label=\u00a0\u00bb1\u202f.4 Acc\u00e8s au\u202fsite :\u00a0\u00bb module_class=\u00a0\u00bbcgv-row margin-b-s\u00a0\u00bb _builder_version=\u00a0\u00bb4.16&Prime; _module_preset=\u00a0\u00bbdefault\u00a0\u00bb background_size=\u00a0\u00bbinitial\u00a0\u00bb background_position=\u00a0\u00bbtop_left\u00a0\u00bb background_repeat=\u00a0\u00bbrepeat\u00a0\u00bb global_colors_info=\u00a0\u00bb{}\u00a0\u00bb][et_pb_column type=\u00a0\u00bb4_4&Prime; _builder_version=\u00a0\u00bb4.16&Prime; _module_preset=\u00a0\u00bbdefault\u00a0\u00bb custom_padding=\u00a0\u00bb|||\u00a0\u00bb global_colors_info=\u00a0\u00bb{}\u00a0\u00bb custom_padding__hover=\u00a0\u00bb|||\u00a0\u00bb][et_pb_cta title=\u00a0\u00bb1\u202f.4 Acc\u00e8s au\u202fsite :\u00a0\u00bb admin_label=\u00a0\u00bb1\u202f.4 Acc\u00e8s au\u202fsite :\u00a0\u00bb module_class=\u00a0\u00bbcgv-module\u00a0\u00bb _builder_version=\u00a0\u00bb4.27.4&Prime; _module_preset=\u00a0\u00bbdefault\u00a0\u00bb header_level=\u00a0\u00bbh3&Prime; use_background_color=\u00a0\u00bboff\u00a0\u00bb text_orientation=\u00a0\u00bbleft\u00a0\u00bb background_layout=\u00a0\u00bblight\u00a0\u00bb hover_enabled=\u00a0\u00bb0&Prime; global_colors_info=\u00a0\u00bb{}\u00a0\u00bb sticky_enabled=\u00a0\u00bb0&Prime;]site et son utilisation sont r\u00e9serv\u00e9s \u00e0 un usage strictement personnel. Vous vous engagez \u00e0 ne pas utiliser ce site et \u00e0 ne pas traiter de mani\u00e8re exhaustive les informations disponibles.<br \/>\nAux termes du pr\u00e9sent avis,\u202fCombodo\u202fvous autorise \u00e0 visualiser, copier, imprimer et distribuer les documents diffus\u00e9s sur le site Internet\u202fde Combodo\u202faux conditions suivantes\u202f:<br \/>\nCes documents visent \u00e0 fournir des renseignements g\u00e9n\u00e9raux sur un ou plusieurs sujets en particulier et non \u00e0 le(s) traiter de mani\u00e8re exhaustive. Par cons\u00e9quent, l\u2019information contenue dans ces documents n\u2019est pas destin\u00e9e \u00e0 constituer un conseil ni un service.<br \/>\nCes documents et les informations qu\u2019ils contiennent sont pr\u00e9sent\u00e9s \u00ab\u202ftels quels\u202f\u00bb, et\u202fCombodo\u202fne fait aucune d\u00e9claration ni n\u2019accorde aucune garantie, express\u00e9ment ou implicitement, \u00e0 leur \u00e9gard. Sans limiter la port\u00e9e de ce qui pr\u00e9c\u00e8de,\u202fCombodo\u202fne garantit pas que ces documents ou que les informations qu\u2019ils contiennent soient sans erreur ni qu\u2019ils respectent quelque crit\u00e8re d\u2019efficacit\u00e9 ou de qualit\u00e9 que ce\u202fsoit. [\/et_pb_cta][\/et_pb_column][\/et_pb_row][et_pb_row admin_label=\u00a0\u00bb1.5 Cr\u00e9dits photo\u00a0\u00bb module_class=\u00a0\u00bbcgv-row margin-b-s\u00a0\u00bb _builder_version=\u00a0\u00bb4.27.4&Prime; _module_preset=\u00a0\u00bbdefault\u00a0\u00bb background_size=\u00a0\u00bbinitial\u00a0\u00bb background_position=\u00a0\u00bbtop_left\u00a0\u00bb background_repeat=\u00a0\u00bbrepeat\u00a0\u00bb global_colors_info=\u00a0\u00bb{}\u00a0\u00bb][et_pb_column type=\u00a0\u00bb4_4&Prime; _builder_version=\u00a0\u00bb4.16&Prime; _module_preset=\u00a0\u00bbdefault\u00a0\u00bb custom_padding=\u00a0\u00bb|||\u00a0\u00bb global_colors_info=\u00a0\u00bb{}\u00a0\u00bb custom_padding__hover=\u00a0\u00bb|||\u00a0\u00bb][et_pb_cta title=\u00a0\u00bb1.5 Cr\u00e9dits photo :\u00a0\u00bb admin_label=\u00a0\u00bb1.5 Cr\u00e9dits photo\u00a0\u00bb module_class=\u00a0\u00bbcgv-module\u00a0\u00bb _builder_version=\u00a0\u00bb4.27.4&Prime; _module_preset=\u00a0\u00bbdefault\u00a0\u00bb header_level=\u00a0\u00bbh3&Prime; use_background_color=\u00a0\u00bboff\u00a0\u00bb text_orientation=\u00a0\u00bbleft\u00a0\u00bb background_layout=\u00a0\u00bblight\u00a0\u00bb hover_enabled=\u00a0\u00bb0&Prime; global_colors_info=\u00a0\u00bb{}\u00a0\u00bb sticky_enabled=\u00a0\u00bb0&Prime;]<\/p>\n<p>Tatyana Romanova <a href=\"https:\/\/tatyanaromanova.fr\/\" target=\"_blank\" rel=\"noopener\">https:\/\/tatyanaromanova.fr\/<\/a><\/p>\n<p>[\/et_pb_cta][\/et_pb_column][\/et_pb_row][et_pb_row admin_label=\u00a0\u00bbTous droits r\u00e9serv\u00e9s.\u00a0\u00bb module_class=\u00a0\u00bbcgv-row margin-b-s\u00a0\u00bb _builder_version=\u00a0\u00bb4.16&Prime; _module_preset=\u00a0\u00bbdefault\u00a0\u00bb background_size=\u00a0\u00bbinitial\u00a0\u00bb background_position=\u00a0\u00bbtop_left\u00a0\u00bb background_repeat=\u00a0\u00bbrepeat\u00a0\u00bb global_colors_info=\u00a0\u00bb{}\u00a0\u00bb][et_pb_column type=\u00a0\u00bb4_4&Prime; _builder_version=\u00a0\u00bb4.16&Prime; _module_preset=\u00a0\u00bbdefault\u00a0\u00bb custom_padding=\u00a0\u00bb|||\u00a0\u00bb global_colors_info=\u00a0\u00bb{}\u00a0\u00bb custom_padding__hover=\u00a0\u00bb|||\u00a0\u00bb][et_pb_text admin_label=\u00a0\u00bbTous droits r\u00e9serv\u00e9s.\u00a0\u00bb _builder_version=\u00a0\u00bb4.27.4&Prime; _dynamic_attributes=\u00a0\u00bbcontent\u00a0\u00bb _module_preset=\u00a0\u00bbdefault\u00a0\u00bb hover_enabled=\u00a0\u00bb0&Prime; global_colors_info=\u00a0\u00bb{}\u00a0\u00bb sticky_enabled=\u00a0\u00bb0&Prime;]@ET-DC@eyJkeW5hbWljIjp0cnVlLCJjb250ZW50IjoiY3VycmVudF9kYXRlIiwic2V0dGluZ3MiOnsiYmVmb3JlIjoiwqkgQ29tYm9kbywgIiwiYWZ0ZXIiOiIuIFRvdXMgZHJvaXRzIHLDqXNlcnbDqXMuIiwiZGF0ZV9mb3JtYXQiOiJjdXN0b20iLCJjdXN0b21fZGF0ZV9mb3JtYXQiOiJZIn19@[\/et_pb_text][\/et_pb_column][\/et_pb_row][\/et_pb_section]<\/p>\n","protected":false},"excerpt":{"rendered":"<p>Statut du propri\u00e9taire : Soci\u00e9t\u00e9Pr\u00e9fixe :\u202fSASNom de la Soci\u00e9t\u00e9 : CombodoAdresse : parc sud galaxie batiment atlas, 5 rue de l&rsquo;octant, 38130 EchirollesAu Capital de : 279 045 \u20acSIRET : 52258897900024Num\u00e9ro TVA intracommunautaire : FR84522588979Adresse de courrier \u00e9lectronique :\u202fcontact@combodo.com Le Responsable de la publication est : Erwan TalocContactez le responsable de la publication :\u202fmarketing@combodo.comLe responsable [&hellip;]<\/p>\n","protected":false},"author":2,"featured_media":0,"parent":0,"menu_order":0,"comment_status":"closed","ping_status":"closed","template":"","meta":{"_acf_changed":false,"_et_pb_use_builder":"on","_et_pb_old_content":"","_et_gb_content_width":"","content-type":"","footnotes":""},"class_list":["post-6526","page","type-page","status-publish","hentry"],"acf":[],"yoast_head":"<!-- This site is optimized with the Yoast SEO plugin v27.4 - https:\/\/yoast.com\/product\/yoast-seo-wordpress\/ -->\n<title>Mentions l\u00e9gales - iTop, easy service management<\/title>\n<meta name=\"description\" content=\"Mentions l\u00e9gales officielles de Combodo SAS : informations sur l\u2019entreprise, \u00e9diteur, h\u00e9bergeur et conditions d\u2019utilisation du site.\" \/>\n<meta name=\"robots\" content=\"index, follow, max-snippet:-1, max-image-preview:large, max-video-preview:-1\" \/>\n<link rel=\"canonical\" href=\"https:\/\/combodo.com\/fr\/mentions-legales\/\" \/>\n<meta property=\"og:locale\" content=\"fr_FR\" \/>\n<meta property=\"og:type\" content=\"article\" \/>\n<meta property=\"og:title\" content=\"Mentions l\u00e9gales - iTop, easy service management\" \/>\n<meta property=\"og:description\" content=\"Mentions l\u00e9gales officielles de Combodo SAS : informations sur l\u2019entreprise, \u00e9diteur, h\u00e9bergeur et conditions d\u2019utilisation du site.\" \/>\n<meta property=\"og:url\" content=\"https:\/\/combodo.com\/fr\/mentions-legales\/\" \/>\n<meta property=\"og:site_name\" content=\"iTop\" \/>\n<meta property=\"article:modified_time\" content=\"2025-07-15T13:33:02+00:00\" \/>\n<meta property=\"og:image\" content=\"https:\/\/combodo.com\/wp-content\/uploads\/2025\/06\/yoast.jpg\" \/>\n\t<meta property=\"og:image:width\" content=\"1200\" \/>\n\t<meta property=\"og:image:height\" content=\"675\" \/>\n\t<meta property=\"og:image:type\" content=\"image\/jpeg\" \/>\n<meta name=\"twitter:card\" content=\"summary_large_image\" \/>\n<meta name=\"twitter:label1\" content=\"Est. reading time\" \/>\n\t<meta name=\"twitter:data1\" content=\"2 minutes\" \/>\n<script type=\"application\/ld+json\" class=\"yoast-schema-graph\">{\"@context\":\"https:\\\/\\\/schema.org\",\"@graph\":[{\"@type\":\"WebPage\",\"@id\":\"https:\\\/\\\/combodo.com\\\/fr\\\/mentions-legales\\\/\",\"url\":\"https:\\\/\\\/combodo.com\\\/fr\\\/mentions-legales\\\/\",\"name\":\"Mentions l\u00e9gales - iTop, easy service management\",\"isPartOf\":{\"@id\":\"https:\\\/\\\/combodo.com\\\/#website\"},\"datePublished\":\"2025-05-15T10:13:32+00:00\",\"dateModified\":\"2025-07-15T13:33:02+00:00\",\"description\":\"Mentions l\u00e9gales officielles de Combodo SAS : informations sur l\u2019entreprise, \u00e9diteur, h\u00e9bergeur et conditions d\u2019utilisation du site.\",\"breadcrumb\":{\"@id\":\"https:\\\/\\\/combodo.com\\\/fr\\\/mentions-legales\\\/#breadcrumb\"},\"inLanguage\":\"fr-FR\",\"potentialAction\":[{\"@type\":\"ReadAction\",\"target\":[\"https:\\\/\\\/combodo.com\\\/fr\\\/mentions-legales\\\/\"]}]},{\"@type\":\"BreadcrumbList\",\"@id\":\"https:\\\/\\\/combodo.com\\\/fr\\\/mentions-legales\\\/#breadcrumb\",\"itemListElement\":[{\"@type\":\"ListItem\",\"position\":1,\"name\":\"Home\",\"item\":\"https:\\\/\\\/combodo.com\\\/fr\\\/\"},{\"@type\":\"ListItem\",\"position\":2,\"name\":\"Mentions l\u00e9gales\"}]},{\"@type\":\"WebSite\",\"@id\":\"https:\\\/\\\/combodo.com\\\/#website\",\"url\":\"https:\\\/\\\/combodo.com\\\/\",\"name\":\"iTop, easy service management\",\"description\":\"Easy service management\",\"publisher\":{\"@id\":\"https:\\\/\\\/combodo.com\\\/#organization\"},\"potentialAction\":[{\"@type\":\"SearchAction\",\"target\":{\"@type\":\"EntryPoint\",\"urlTemplate\":\"https:\\\/\\\/combodo.com\\\/?s={search_term_string}\"},\"query-input\":{\"@type\":\"PropertyValueSpecification\",\"valueRequired\":true,\"valueName\":\"search_term_string\"}}],\"inLanguage\":\"fr-FR\"},{\"@type\":\"Organization\",\"@id\":\"https:\\\/\\\/combodo.com\\\/#organization\",\"name\":\"iTop\",\"url\":\"https:\\\/\\\/combodo.com\\\/\",\"logo\":{\"@type\":\"ImageObject\",\"inLanguage\":\"fr-FR\",\"@id\":\"https:\\\/\\\/combodo.com\\\/#\\\/schema\\\/logo\\\/image\\\/\",\"url\":\"https:\\\/\\\/combodo.com\\\/wp-content\\\/uploads\\\/2025\\\/06\\\/yoast-logo.jpg\",\"contentUrl\":\"https:\\\/\\\/combodo.com\\\/wp-content\\\/uploads\\\/2025\\\/06\\\/yoast-logo.jpg\",\"width\":696,\"height\":696,\"caption\":\"iTop\"},\"image\":{\"@id\":\"https:\\\/\\\/combodo.com\\\/#\\\/schema\\\/logo\\\/image\\\/\"},\"sameAs\":[\"https:\\\/\\\/x.com\\\/iTopByCombodo\",\"https:\\\/\\\/www.youtube.com\\\/@itopbycombodo1800\"]}]}<\/script>\n<!-- \/ Yoast SEO plugin. -->","yoast_head_json":{"title":"Mentions l\u00e9gales - iTop, easy service management","description":"Mentions l\u00e9gales officielles de Combodo SAS : informations sur l\u2019entreprise, \u00e9diteur, h\u00e9bergeur et conditions d\u2019utilisation du site.","robots":{"index":"index","follow":"follow","max-snippet":"max-snippet:-1","max-image-preview":"max-image-preview:large","max-video-preview":"max-video-preview:-1"},"canonical":"https:\/\/combodo.com\/fr\/mentions-legales\/","og_locale":"fr_FR","og_type":"article","og_title":"Mentions l\u00e9gales - iTop, easy service management","og_description":"Mentions l\u00e9gales officielles de Combodo SAS : informations sur l\u2019entreprise, \u00e9diteur, h\u00e9bergeur et conditions d\u2019utilisation du site.","og_url":"https:\/\/combodo.com\/fr\/mentions-legales\/","og_site_name":"iTop","article_modified_time":"2025-07-15T13:33:02+00:00","og_image":[{"width":1200,"height":675,"url":"https:\/\/combodo.com\/wp-content\/uploads\/2025\/06\/yoast.jpg","type":"image\/jpeg"}],"twitter_card":"summary_large_image","twitter_misc":{"Est. reading time":"2 minutes"},"schema":{"@context":"https:\/\/schema.org","@graph":[{"@type":"WebPage","@id":"https:\/\/combodo.com\/fr\/mentions-legales\/","url":"https:\/\/combodo.com\/fr\/mentions-legales\/","name":"Mentions l\u00e9gales - iTop, easy service management","isPartOf":{"@id":"https:\/\/combodo.com\/#website"},"datePublished":"2025-05-15T10:13:32+00:00","dateModified":"2025-07-15T13:33:02+00:00","description":"Mentions l\u00e9gales officielles de Combodo SAS : informations sur l\u2019entreprise, \u00e9diteur, h\u00e9bergeur et conditions d\u2019utilisation du site.","breadcrumb":{"@id":"https:\/\/combodo.com\/fr\/mentions-legales\/#breadcrumb"},"inLanguage":"fr-FR","potentialAction":[{"@type":"ReadAction","target":["https:\/\/combodo.com\/fr\/mentions-legales\/"]}]},{"@type":"BreadcrumbList","@id":"https:\/\/combodo.com\/fr\/mentions-legales\/#breadcrumb","itemListElement":[{"@type":"ListItem","position":1,"name":"Home","item":"https:\/\/combodo.com\/fr\/"},{"@type":"ListItem","position":2,"name":"Mentions l\u00e9gales"}]},{"@type":"WebSite","@id":"https:\/\/combodo.com\/#website","url":"https:\/\/combodo.com\/","name":"iTop, easy service management","description":"Easy service management","publisher":{"@id":"https:\/\/combodo.com\/#organization"},"potentialAction":[{"@type":"SearchAction","target":{"@type":"EntryPoint","urlTemplate":"https:\/\/combodo.com\/?s={search_term_string}"},"query-input":{"@type":"PropertyValueSpecification","valueRequired":true,"valueName":"search_term_string"}}],"inLanguage":"fr-FR"},{"@type":"Organization","@id":"https:\/\/combodo.com\/#organization","name":"iTop","url":"https:\/\/combodo.com\/","logo":{"@type":"ImageObject","inLanguage":"fr-FR","@id":"https:\/\/combodo.com\/#\/schema\/logo\/image\/","url":"https:\/\/combodo.com\/wp-content\/uploads\/2025\/06\/yoast-logo.jpg","contentUrl":"https:\/\/combodo.com\/wp-content\/uploads\/2025\/06\/yoast-logo.jpg","width":696,"height":696,"caption":"iTop"},"image":{"@id":"https:\/\/combodo.com\/#\/schema\/logo\/image\/"},"sameAs":["https:\/\/x.com\/iTopByCombodo","https:\/\/www.youtube.com\/@itopbycombodo1800"]}]}},"_links":{"self":[{"href":"https:\/\/combodo.com\/fr\/wp-json\/wp\/v2\/pages\/6526","targetHints":{"allow":["GET"]}}],"collection":[{"href":"https:\/\/combodo.com\/fr\/wp-json\/wp\/v2\/pages"}],"about":[{"href":"https:\/\/combodo.com\/fr\/wp-json\/wp\/v2\/types\/page"}],"author":[{"embeddable":true,"href":"https:\/\/combodo.com\/fr\/wp-json\/wp\/v2\/users\/2"}],"replies":[{"embeddable":true,"href":"https:\/\/combodo.com\/fr\/wp-json\/wp\/v2\/comments?post=6526"}],"version-history":[{"count":0,"href":"https:\/\/combodo.com\/fr\/wp-json\/wp\/v2\/pages\/6526\/revisions"}],"wp:attachment":[{"href":"https:\/\/combodo.com\/fr\/wp-json\/wp\/v2\/media?parent=6526"}],"curies":[{"name":"wp","href":"https:\/\/api.w.org\/{rel}","templated":true}]}}