{"id":6559,"date":"2025-05-14T12:45:30","date_gmt":"2025-05-14T12:45:30","guid":{"rendered":"https:\/\/itopdev.wpenginepowered.com\/webinars\/"},"modified":"2025-07-28T15:17:59","modified_gmt":"2025-07-28T15:17:59","slug":"webinaires","status":"publish","type":"page","link":"https:\/\/combodo.com\/fr\/webinaires\/","title":{"rendered":"Webinaires"},"content":{"rendered":"<p>[et_pb_section fb_built=\u00a0\u00bb1&Prime; admin_label=\u00a0\u00bbHeader page\u00a0\u00bb module_class=\u00a0\u00bbheader-section dots-top-right\u00a0\u00bb _builder_version=\u00a0\u00bb4.16&Prime; _module_preset=\u00a0\u00bbdefault\u00a0\u00bb global_colors_info=\u00a0\u00bb{}\u00a0\u00bb][et_pb_row module_class=\u00a0\u00bbheader-row\u00a0\u00bb _builder_version=\u00a0\u00bb4.16&Prime; _module_preset=\u00a0\u00bbdefault\u00a0\u00bb animation_style=\u00a0\u00bbfade\u00a0\u00bb global_colors_info=\u00a0\u00bb{}\u00a0\u00bb][et_pb_column type=\u00a0\u00bb4_4&Prime; _builder_version=\u00a0\u00bb4.16&Prime; _module_preset=\u00a0\u00bbdefault\u00a0\u00bb global_colors_info=\u00a0\u00bb{}\u00a0\u00bb][et_pb_text admin_label=\u00a0\u00bbSurtitre\u00a0\u00bb module_class=\u00a0\u00bbtag-module\u00a0\u00bb _builder_version=\u00a0\u00bb4.27.4&Prime; _module_preset=\u00a0\u00bbdefault\u00a0\u00bb global_colors_info=\u00a0\u00bb{}\u00a0\u00bb]Webinaires[\/et_pb_text][et_pb_cta title=\u00a0\u00bbAper\u00e7u de l&rsquo;\u00e9cosyst\u00e8me iTop<span>.<\/span>\u00a0\u00bb admin_label=\u00a0\u00bbTitre\u00a0\u00bb module_class=\u00a0\u00bbheader-title\u00a0\u00bb _builder_version=\u00a0\u00bb4.27.4&Prime; _module_preset=\u00a0\u00bbdefault\u00a0\u00bb header_level=\u00a0\u00bbh1&Prime; text_orientation=\u00a0\u00bbleft\u00a0\u00bb background_layout=\u00a0\u00bblight\u00a0\u00bb global_colors_info=\u00a0\u00bb{}\u00a0\u00bb][\/et_pb_cta][\/et_pb_column][\/et_pb_row][et_pb_row module_class=\u00a0\u00bbheader-bottom-row right\u00a0\u00bb _builder_version=\u00a0\u00bb4.16&Prime; _module_preset=\u00a0\u00bbdefault\u00a0\u00bb background_color=\u00a0\u00bbRGBA(255,255,255,0)\u00a0\u00bb collapsed=\u00a0\u00bbon\u00a0\u00bb global_colors_info=\u00a0\u00bb{}\u00a0\u00bb][et_pb_column type=\u00a0\u00bb4_4&Prime; _builder_version=\u00a0\u00bb4.16&Prime; _module_preset=\u00a0\u00bbdefault\u00a0\u00bb global_colors_info=\u00a0\u00bb{}\u00a0\u00bb][\/et_pb_column][\/et_pb_row][\/et_pb_section][et_pb_section fb_built=\u00a0\u00bb1&Prime; admin_label=\u00a0\u00bbDescription\u00a0\u00bb module_class=\u00a0\u00bbbg-dark sub-header-section arc-orange arc-right\u00a0\u00bb _builder_version=\u00a0\u00bb4.16&Prime; _module_preset=\u00a0\u00bbdefault\u00a0\u00bb collapsed=\u00a0\u00bboff\u00a0\u00bb global_colors_info=\u00a0\u00bb{}\u00a0\u00bb][et_pb_row module_class=\u00a0\u00bbsub-header-row\u00a0\u00bb _builder_version=\u00a0\u00bb4.16&Prime; _module_preset=\u00a0\u00bbdefault\u00a0\u00bb animation_style=\u00a0\u00bbfade\u00a0\u00bb global_colors_info=\u00a0\u00bb{}\u00a0\u00bb][et_pb_column type=\u00a0\u00bb4_4&Prime; _builder_version=\u00a0\u00bb4.16&Prime; _module_preset=\u00a0\u00bbdefault\u00a0\u00bb global_colors_info=\u00a0\u00bb{}\u00a0\u00bb][et_pb_text module_class=\u00a0\u00bbsub-header-module\u00a0\u00bb _builder_version=\u00a0\u00bb4.27.4&Prime; _module_preset=\u00a0\u00bbdefault\u00a0\u00bb global_colors_info=\u00a0\u00bb{}\u00a0\u00bb]Nous organisons r\u00e9guli\u00e8rement des webinaires pour pr\u00e9senter la solution iTop. C&rsquo;est l&rsquo;occasion pour vous d&rsquo;avoir une vue d&rsquo;ensemble de la solution et de poser des questions en direct. Pour vous inscrire au prochain webinaire, cliquez sur le lien ci-dessous ou contactez-nous via le formulaire.[\/et_pb_text][\/et_pb_column][\/et_pb_row][\/et_pb_section][et_pb_section fb_built=\u00a0\u00bb1&Prime; disabled_on=\u00a0\u00bbon|on|on\u00a0\u00bb admin_label=\u00a0\u00bbProchain webinaire\u00a0\u00bb module_class=\u00a0\u00bbressource-fav-section opacity-title-section\u00a0\u00bb _builder_version=\u00a0\u00bb4.16&Prime; _module_preset=\u00a0\u00bbdefault\u00a0\u00bb disabled=\u00a0\u00bbon\u00a0\u00bb locked=\u00a0\u00bboff\u00a0\u00bb collapsed=\u00a0\u00bboff\u00a0\u00bb global_colors_info=\u00a0\u00bb{}\u00a0\u00bb][et_pb_row module_class=\u00a0\u00bbopacity-row\u00a0\u00bb _builder_version=\u00a0\u00bb4.16&Prime; _module_preset=\u00a0\u00bbdefault\u00a0\u00bb animation_style=\u00a0\u00bbfade\u00a0\u00bb global_colors_info=\u00a0\u00bb{}\u00a0\u00bb][et_pb_column type=\u00a0\u00bb4_4&Prime; _builder_version=\u00a0\u00bb4.16&Prime; _module_preset=\u00a0\u00bbdefault\u00a0\u00bb global_colors_info=\u00a0\u00bb{}\u00a0\u00bb][et_pb_cta title=\u00a0\u00bbNext webinar<span>.<\/span>\u00a0\u00bb admin_label=\u00a0\u00bbOpacity Title\u00a0\u00bb module_class=\u00a0\u00bbopacity-title\u00a0\u00bb _builder_version=\u00a0\u00bb4.16&Prime; _module_preset=\u00a0\u00bbdefault\u00a0\u00bb header_level=\u00a0\u00bbh3&Prime; text_orientation=\u00a0\u00bbleft\u00a0\u00bb background_layout=\u00a0\u00bblight\u00a0\u00bb locked=\u00a0\u00bboff\u00a0\u00bb global_colors_info=\u00a0\u00bb{}\u00a0\u00bb][\/et_pb_cta][\/et_pb_column][\/et_pb_row][et_pb_row column_structure=\u00a0\u00bb1_2,1_2&Prime; module_class=\u00a0\u00bbressource-fav-row fullwidth-row\u00a0\u00bb _builder_version=\u00a0\u00bb4.16&Prime; _module_preset=\u00a0\u00bbdefault\u00a0\u00bb animation_style=\u00a0\u00bbfade\u00a0\u00bb locked=\u00a0\u00bboff\u00a0\u00bb global_colors_info=\u00a0\u00bb{}\u00a0\u00bb][et_pb_column type=\u00a0\u00bb1_2&Prime; module_class=\u00a0\u00bbressource-fav-cover-col\u00a0\u00bb _builder_version=\u00a0\u00bb4.16&Prime; _module_preset=\u00a0\u00bbdefault\u00a0\u00bb global_colors_info=\u00a0\u00bb{}\u00a0\u00bb][et_pb_db_filter_loop post_type_choose=\u00a0\u00bbpost\u00a0\u00bb cat_loop_style=\u00a0\u00bbon\u00a0\u00bb loop_templates=\u00a0\u00bbdivi-blog\u00a0\u00bb is_main_loop=\u00a0\u00bboff\u00a0\u00bb posts_number=\u00a0\u00bb1&Prime; custom_loop=\u00a0\u00bbon\u00a0\u00bb include_cats=\u00a0\u00bbwebinars\u00a0\u00bb order_asc_desc=\u00a0\u00bbDESC\u00a0\u00bb fullwidth=\u00a0\u00bblist\u00a0\u00bb enable_overlay=\u00a0\u00bboff\u00a0\u00bb show_author=\u00a0\u00bboff\u00a0\u00bb show_date=\u00a0\u00bboff\u00a0\u00bb show_categories=\u00a0\u00bboff\u00a0\u00bb show_content=\u00a0\u00bbnone\u00a0\u00bb admin_label=\u00a0\u00bbCover\u00a0\u00bb module_class=\u00a0\u00bbressource-fav-img card-style\u00a0\u00bb _builder_version=\u00a0\u00bb4.27.4&Prime; _module_preset=\u00a0\u00bbdefault\u00a0\u00bb hover_enabled=\u00a0\u00bb0&Prime; global_colors_info=\u00a0\u00bb{}\u00a0\u00bb sticky_enabled=\u00a0\u00bb0&Prime;][\/et_pb_db_filter_loop][\/et_pb_column][et_pb_column type=\u00a0\u00bb1_2&Prime; module_class=\u00a0\u00bbressource-fav-content-col\u00a0\u00bb _builder_version=\u00a0\u00bb4.16&Prime; _module_preset=\u00a0\u00bbdefault\u00a0\u00bb global_colors_info=\u00a0\u00bb{}\u00a0\u00bb][et_pb_db_filter_loop post_type_choose=\u00a0\u00bbpost\u00a0\u00bb cat_loop_style=\u00a0\u00bbon\u00a0\u00bb loop_templates=\u00a0\u00bbdivi-blog\u00a0\u00bb is_main_loop=\u00a0\u00bboff\u00a0\u00bb posts_number=\u00a0\u00bb1&Prime; custom_loop=\u00a0\u00bbon\u00a0\u00bb include_cats=\u00a0\u00bbwebinars\u00a0\u00bb order_asc_desc=\u00a0\u00bbDESC\u00a0\u00bb fullwidth=\u00a0\u00bblist\u00a0\u00bb enable_overlay=\u00a0\u00bboff\u00a0\u00bb show_featured_image=\u00a0\u00bboff\u00a0\u00bb show_read_more=\u00a0\u00bbon\u00a0\u00bb read_more_text=\u00a0\u00bbLearn more &#038; Register\u00a0\u00bb show_author=\u00a0\u00bboff\u00a0\u00bb show_categories=\u00a0\u00bboff\u00a0\u00bb admin_label=\u00a0\u00bbContent\u00a0\u00bb module_class=\u00a0\u00bbressource-fav-content\u00a0\u00bb _builder_version=\u00a0\u00bb4.27.4&Prime; _module_preset=\u00a0\u00bbdefault\u00a0\u00bb hover_enabled=\u00a0\u00bb0&Prime; global_colors_info=\u00a0\u00bb{}\u00a0\u00bb sticky_enabled=\u00a0\u00bb0&Prime;][\/et_pb_db_filter_loop][\/et_pb_column][\/et_pb_row][\/et_pb_section][et_pb_section fb_built=\u00a0\u00bb1&Prime; admin_label=\u00a0\u00bb\u00c9v\u00e8nements pass\u00e9s\u00a0\u00bb module_class=\u00a0\u00bbdots-top-right\u00a0\u00bb _builder_version=\u00a0\u00bb4.16&Prime; _module_preset=\u00a0\u00bbdefault\u00a0\u00bb global_colors_info=\u00a0\u00bb{}\u00a0\u00bb][et_pb_row admin_label=\u00a0\u00bbSection Title\u00a0\u00bb module_class=\u00a0\u00bbtitle-row\u00a0\u00bb _builder_version=\u00a0\u00bb4.16&Prime; _module_preset=\u00a0\u00bbdefault\u00a0\u00bb animation_style=\u00a0\u00bbfade\u00a0\u00bb locked=\u00a0\u00bboff\u00a0\u00bb global_colors_info=\u00a0\u00bb{}\u00a0\u00bb][et_pb_column type=\u00a0\u00bb4_4&Prime; _builder_version=\u00a0\u00bb4.16&Prime; _module_preset=\u00a0\u00bbdefault\u00a0\u00bb global_colors_info=\u00a0\u00bb{}\u00a0\u00bb][et_pb_cta title=\u00a0\u00bb\u00c9v\u00e8nements pass\u00e9s<span>.<\/span>\u00a0\u00bb admin_label=\u00a0\u00bbTitre\u00a0\u00bb module_class=\u00a0\u00bbtitle-module\u00a0\u00bb _builder_version=\u00a0\u00bb4.27.4&Prime; _module_preset=\u00a0\u00bbdefault\u00a0\u00bb use_background_color=\u00a0\u00bboff\u00a0\u00bb text_orientation=\u00a0\u00bbleft\u00a0\u00bb background_layout=\u00a0\u00bblight\u00a0\u00bb global_colors_info=\u00a0\u00bb{}\u00a0\u00bb][\/et_pb_cta][\/et_pb_column][\/et_pb_row][et_pb_row module_class=\u00a0\u00bbwebinars-row\u00a0\u00bb _builder_version=\u00a0\u00bb4.16&Prime; _module_preset=\u00a0\u00bbdefault\u00a0\u00bb animation_style=\u00a0\u00bbfade\u00a0\u00bb global_colors_info=\u00a0\u00bb{}\u00a0\u00bb][et_pb_column type=\u00a0\u00bb4_4&Prime; _builder_version=\u00a0\u00bb4.16&Prime; _module_preset=\u00a0\u00bbdefault\u00a0\u00bb global_colors_info=\u00a0\u00bb{}\u00a0\u00bb][et_pb_video src=\u00a0\u00bbhttps:\/\/youtu.be\/8uaz4Ivffbw?si=OEGApI5RqDfKupWz\u00a0\u00bb image_src=\u00a0\u00bb\/\/i.ytimg.com\/vi\/8uaz4Ivffbw\/hqdefault.jpg\u00a0\u00bb play_icon_color=\u00a0\u00bb#FFFFFF\u00a0\u00bb font_icon=\u00a0\u00bb&#xf144;||fa||900&Prime; module_class=\u00a0\u00bbwebinars-module\u00a0\u00bb _builder_version=\u00a0\u00bb4.16&Prime; _module_preset=\u00a0\u00bbdefault\u00a0\u00bb global_colors_info=\u00a0\u00bb{}\u00a0\u00bb][\/et_pb_video][et_pb_video src=\u00a0\u00bbhttps:\/\/youtu.be\/Q87A0Y-UIAs?si=xPU3CrBgRPCegjHq\u00a0\u00bb image_src=\u00a0\u00bb\/\/i.ytimg.com\/vi\/Q87A0Y-UIAs\/hqdefault.jpg\u00a0\u00bb font_icon=\u00a0\u00bb&#xf144;||fa||900&Prime; module_class=\u00a0\u00bbwebinars-module\u00a0\u00bb _builder_version=\u00a0\u00bb4.16&Prime; _module_preset=\u00a0\u00bbdefault\u00a0\u00bb global_colors_info=\u00a0\u00bb{}\u00a0\u00bb][\/et_pb_video][et_pb_video src=\u00a0\u00bbhttps:\/\/youtu.be\/WvPnQroBy50?si=yw_1iSg2Nvh0rnDp\u00a0\u00bb image_src=\u00a0\u00bb\/\/i.ytimg.com\/vi\/WvPnQroBy50\/hqdefault.jpg\u00a0\u00bb font_icon=\u00a0\u00bb&#xf144;||fa||900&Prime; module_class=\u00a0\u00bbwebinars-module\u00a0\u00bb _builder_version=\u00a0\u00bb4.16&Prime; _module_preset=\u00a0\u00bbdefault\u00a0\u00bb global_colors_info=\u00a0\u00bb{}\u00a0\u00bb][\/et_pb_video][et_pb_video src=\u00a0\u00bbhttps:\/\/youtu.be\/VjgXCGCn06M?si=EZtSpLZatU9zhP8v\u00a0\u00bb image_src=\u00a0\u00bb\/\/i.ytimg.com\/vi\/VjgXCGCn06M\/hqdefault.jpg\u00a0\u00bb font_icon=\u00a0\u00bb&#xf144;||fa||900&Prime; module_class=\u00a0\u00bbwebinars-module\u00a0\u00bb _builder_version=\u00a0\u00bb4.16&Prime; _module_preset=\u00a0\u00bbdefault\u00a0\u00bb global_colors_info=\u00a0\u00bb{}\u00a0\u00bb][\/et_pb_video][\/et_pb_column][\/et_pb_row][et_pb_row module_class=\u00a0\u00bbbtn-row justify-center\u00a0\u00bb _builder_version=\u00a0\u00bb4.16&Prime; _module_preset=\u00a0\u00bbdefault\u00a0\u00bb animation_style=\u00a0\u00bbfade\u00a0\u00bb global_colors_info=\u00a0\u00bb{}\u00a0\u00bb][et_pb_column type=\u00a0\u00bb4_4&Prime; _builder_version=\u00a0\u00bb4.16&Prime; _module_preset=\u00a0\u00bbdefault\u00a0\u00bb global_colors_info=\u00a0\u00bb{}\u00a0\u00bb][et_pb_button button_url=\u00a0\u00bbhttps:\/\/www.youtube.com\/playlist?list=PLkEkZqrCmWg-ZnNPD6rpaF5NsoFaqO17e\u00a0\u00bb url_new_window=\u00a0\u00bbon\u00a0\u00bb button_text=\u00a0\u00bbVoir tous les \u00e9v\u00e8nements\u00a0\u00bb admin_label=\u00a0\u00bbVoir tous les \u00e9v\u00e8nements\u00a0\u00bb _builder_version=\u00a0\u00bb4.27.4&Prime; _module_preset=\u00a0\u00bbdefault\u00a0\u00bb global_colors_info=\u00a0\u00bb{}\u00a0\u00bb][\/et_pb_button][\/et_pb_column][\/et_pb_row][\/et_pb_section][et_pb_section fb_built=\u00a0\u00bb1&Prime; admin_label=\u00a0\u00bbDemandez une d\u00e9mo\u00a0\u00bb module_id=\u00a0\u00bbcontact\u00a0\u00bb module_class=\u00a0\u00bbbg-dark fullwidth cta-section arc-orange arc-right\u00a0\u00bb _builder_version=\u00a0\u00bb4.16&Prime; _module_preset=\u00a0\u00bbdefault\u00a0\u00bb locked=\u00a0\u00bboff\u00a0\u00bb global_colors_info=\u00a0\u00bb{}\u00a0\u00bb][et_pb_row module_class=\u00a0\u00bbcta-row\u00a0\u00bb _builder_version=\u00a0\u00bb4.16&Prime; _module_preset=\u00a0\u00bbdefault\u00a0\u00bb global_colors_info=\u00a0\u00bb{}\u00a0\u00bb][et_pb_column type=\u00a0\u00bb4_4&Prime; _builder_version=\u00a0\u00bb4.16&Prime; _module_preset=\u00a0\u00bbdefault\u00a0\u00bb global_colors_info=\u00a0\u00bb{}\u00a0\u00bb][et_pb_cta title=\u00a0\u00bbDemandez une d\u00e9mo<span>.<\/span>\u00a0\u00bb button_url=\u00a0\u00bb@ET-DC@eyJkeW5hbWljIjp0cnVlLCJjb250ZW50IjoicG9zdF9saW5rX3VybF9wYWdlIiwic2V0dGluZ3MiOnsicG9zdF9pZCI6IjM3NjQifX0=@\u00a0\u00bb button_text=\u00a0\u00bbContactez-nous\u00a0\u00bb admin_label=\u00a0\u00bbContent\u00a0\u00bb module_class=\u00a0\u00bbcta-module title-module btn-orange\u00a0\u00bb _builder_version=\u00a0\u00bb4.27.4&Prime; _dynamic_attributes=\u00a0\u00bbbutton_url\u00a0\u00bb _module_preset=\u00a0\u00bbdefault\u00a0\u00bb text_orientation=\u00a0\u00bbleft\u00a0\u00bb animation_style=\u00a0\u00bbfade\u00a0\u00bb global_colors_info=\u00a0\u00bb{}\u00a0\u00bb]Explorez iTop d\u00e8s aujourd&rsquo;hui pour d\u00e9couvrir comment notre plateforme tout-en-un peut vous aider \u00e0 rationaliser vos op\u00e9rations. Contactez-nous pour une d\u00e9monstration gratuite et voyez la diff\u00e9rence par vous-m\u00eame.[\/et_pb_cta][\/et_pb_column][\/et_pb_row][\/et_pb_section]<\/p>\n","protected":false},"excerpt":{"rendered":"<p>WebinairesNous organisons r\u00e9guli\u00e8rement des webinaires pour pr\u00e9senter la solution iTop. C&rsquo;est l&rsquo;occasion pour vous d&rsquo;avoir une vue d&rsquo;ensemble de la solution et de poser des questions en direct. Pour vous inscrire au prochain webinaire, cliquez sur le lien ci-dessous ou contactez-nous via le formulaire.Explorez iTop d\u00e8s aujourd&rsquo;hui pour d\u00e9couvrir comment notre plateforme tout-en-un peut vous [&hellip;]<\/p>\n","protected":false},"author":2,"featured_media":0,"parent":0,"menu_order":0,"comment_status":"closed","ping_status":"closed","template":"","meta":{"_acf_changed":false,"_et_pb_use_builder":"on","_et_pb_old_content":"","_et_gb_content_width":"","content-type":"","footnotes":""},"class_list":["post-6559","page","type-page","status-publish","hentry"],"acf":[],"yoast_head":"<!-- This site is optimized with the Yoast SEO plugin v27.4 - https:\/\/yoast.com\/product\/yoast-seo-wordpress\/ -->\n<title>Webinaires - iTop, easy service management<\/title>\n<meta name=\"robots\" content=\"index, follow, max-snippet:-1, max-image-preview:large, max-video-preview:-1\" \/>\n<link rel=\"canonical\" href=\"https:\/\/combodo.com\/fr\/webinaires\/\" \/>\n<meta property=\"og:locale\" content=\"fr_FR\" \/>\n<meta property=\"og:type\" content=\"article\" \/>\n<meta property=\"og:title\" content=\"Webinaires - iTop, easy service management\" \/>\n<meta property=\"og:description\" content=\"WebinairesNous organisons r\u00e9guli\u00e8rement des webinaires pour pr\u00e9senter la solution iTop. C&#039;est l&#039;occasion pour vous d&#039;avoir une vue d&#039;ensemble de la solution et de poser des questions en direct. Pour vous inscrire au prochain webinaire, cliquez sur le lien ci-dessous ou contactez-nous via le formulaire.Explorez iTop d\u00e8s aujourd&#039;hui pour d\u00e9couvrir comment notre plateforme tout-en-un peut vous [&hellip;]\" \/>\n<meta property=\"og:url\" content=\"https:\/\/combodo.com\/fr\/webinaires\/\" \/>\n<meta property=\"og:site_name\" content=\"iTop\" \/>\n<meta property=\"article:modified_time\" content=\"2025-07-28T15:17:59+00:00\" \/>\n<meta property=\"og:image\" content=\"https:\/\/combodo.com\/wp-content\/uploads\/2025\/06\/yoast.jpg\" \/>\n\t<meta property=\"og:image:width\" content=\"1200\" \/>\n\t<meta property=\"og:image:height\" content=\"675\" \/>\n\t<meta property=\"og:image:type\" content=\"image\/jpeg\" \/>\n<meta name=\"twitter:card\" content=\"summary_large_image\" \/>\n<meta name=\"twitter:label1\" content=\"Est. reading time\" \/>\n\t<meta name=\"twitter:data1\" content=\"1 minute\" \/>\n<script type=\"application\/ld+json\" class=\"yoast-schema-graph\">{\"@context\":\"https:\\\/\\\/schema.org\",\"@graph\":[{\"@type\":\"WebPage\",\"@id\":\"https:\\\/\\\/combodo.com\\\/fr\\\/webinaires\\\/\",\"url\":\"https:\\\/\\\/combodo.com\\\/fr\\\/webinaires\\\/\",\"name\":\"Webinaires - iTop, easy service management\",\"isPartOf\":{\"@id\":\"https:\\\/\\\/combodo.com\\\/#website\"},\"datePublished\":\"2025-05-14T12:45:30+00:00\",\"dateModified\":\"2025-07-28T15:17:59+00:00\",\"breadcrumb\":{\"@id\":\"https:\\\/\\\/combodo.com\\\/fr\\\/webinaires\\\/#breadcrumb\"},\"inLanguage\":\"fr-FR\",\"potentialAction\":[{\"@type\":\"ReadAction\",\"target\":[\"https:\\\/\\\/combodo.com\\\/fr\\\/webinaires\\\/\"]}]},{\"@type\":\"BreadcrumbList\",\"@id\":\"https:\\\/\\\/combodo.com\\\/fr\\\/webinaires\\\/#breadcrumb\",\"itemListElement\":[{\"@type\":\"ListItem\",\"position\":1,\"name\":\"Home\",\"item\":\"https:\\\/\\\/combodo.com\\\/fr\\\/\"},{\"@type\":\"ListItem\",\"position\":2,\"name\":\"Webinaires\"}]},{\"@type\":\"WebSite\",\"@id\":\"https:\\\/\\\/combodo.com\\\/#website\",\"url\":\"https:\\\/\\\/combodo.com\\\/\",\"name\":\"iTop, easy service management\",\"description\":\"Easy service management\",\"publisher\":{\"@id\":\"https:\\\/\\\/combodo.com\\\/#organization\"},\"potentialAction\":[{\"@type\":\"SearchAction\",\"target\":{\"@type\":\"EntryPoint\",\"urlTemplate\":\"https:\\\/\\\/combodo.com\\\/?s={search_term_string}\"},\"query-input\":{\"@type\":\"PropertyValueSpecification\",\"valueRequired\":true,\"valueName\":\"search_term_string\"}}],\"inLanguage\":\"fr-FR\"},{\"@type\":\"Organization\",\"@id\":\"https:\\\/\\\/combodo.com\\\/#organization\",\"name\":\"iTop\",\"url\":\"https:\\\/\\\/combodo.com\\\/\",\"logo\":{\"@type\":\"ImageObject\",\"inLanguage\":\"fr-FR\",\"@id\":\"https:\\\/\\\/combodo.com\\\/#\\\/schema\\\/logo\\\/image\\\/\",\"url\":\"https:\\\/\\\/combodo.com\\\/wp-content\\\/uploads\\\/2025\\\/06\\\/yoast-logo.jpg\",\"contentUrl\":\"https:\\\/\\\/combodo.com\\\/wp-content\\\/uploads\\\/2025\\\/06\\\/yoast-logo.jpg\",\"width\":696,\"height\":696,\"caption\":\"iTop\"},\"image\":{\"@id\":\"https:\\\/\\\/combodo.com\\\/#\\\/schema\\\/logo\\\/image\\\/\"},\"sameAs\":[\"https:\\\/\\\/x.com\\\/iTopByCombodo\",\"https:\\\/\\\/www.youtube.com\\\/@itopbycombodo1800\"]}]}<\/script>\n<!-- \/ Yoast SEO plugin. -->","yoast_head_json":{"title":"Webinaires - iTop, easy service management","robots":{"index":"index","follow":"follow","max-snippet":"max-snippet:-1","max-image-preview":"max-image-preview:large","max-video-preview":"max-video-preview:-1"},"canonical":"https:\/\/combodo.com\/fr\/webinaires\/","og_locale":"fr_FR","og_type":"article","og_title":"Webinaires - iTop, easy service management","og_description":"WebinairesNous organisons r\u00e9guli\u00e8rement des webinaires pour pr\u00e9senter la solution iTop. C'est l'occasion pour vous d'avoir une vue d'ensemble de la solution et de poser des questions en direct. Pour vous inscrire au prochain webinaire, cliquez sur le lien ci-dessous ou contactez-nous via le formulaire.Explorez iTop d\u00e8s aujourd'hui pour d\u00e9couvrir comment notre plateforme tout-en-un peut vous [&hellip;]","og_url":"https:\/\/combodo.com\/fr\/webinaires\/","og_site_name":"iTop","article_modified_time":"2025-07-28T15:17:59+00:00","og_image":[{"width":1200,"height":675,"url":"https:\/\/combodo.com\/wp-content\/uploads\/2025\/06\/yoast.jpg","type":"image\/jpeg"}],"twitter_card":"summary_large_image","twitter_misc":{"Est. reading time":"1 minute"},"schema":{"@context":"https:\/\/schema.org","@graph":[{"@type":"WebPage","@id":"https:\/\/combodo.com\/fr\/webinaires\/","url":"https:\/\/combodo.com\/fr\/webinaires\/","name":"Webinaires - iTop, easy service management","isPartOf":{"@id":"https:\/\/combodo.com\/#website"},"datePublished":"2025-05-14T12:45:30+00:00","dateModified":"2025-07-28T15:17:59+00:00","breadcrumb":{"@id":"https:\/\/combodo.com\/fr\/webinaires\/#breadcrumb"},"inLanguage":"fr-FR","potentialAction":[{"@type":"ReadAction","target":["https:\/\/combodo.com\/fr\/webinaires\/"]}]},{"@type":"BreadcrumbList","@id":"https:\/\/combodo.com\/fr\/webinaires\/#breadcrumb","itemListElement":[{"@type":"ListItem","position":1,"name":"Home","item":"https:\/\/combodo.com\/fr\/"},{"@type":"ListItem","position":2,"name":"Webinaires"}]},{"@type":"WebSite","@id":"https:\/\/combodo.com\/#website","url":"https:\/\/combodo.com\/","name":"iTop, easy service management","description":"Easy service management","publisher":{"@id":"https:\/\/combodo.com\/#organization"},"potentialAction":[{"@type":"SearchAction","target":{"@type":"EntryPoint","urlTemplate":"https:\/\/combodo.com\/?s={search_term_string}"},"query-input":{"@type":"PropertyValueSpecification","valueRequired":true,"valueName":"search_term_string"}}],"inLanguage":"fr-FR"},{"@type":"Organization","@id":"https:\/\/combodo.com\/#organization","name":"iTop","url":"https:\/\/combodo.com\/","logo":{"@type":"ImageObject","inLanguage":"fr-FR","@id":"https:\/\/combodo.com\/#\/schema\/logo\/image\/","url":"https:\/\/combodo.com\/wp-content\/uploads\/2025\/06\/yoast-logo.jpg","contentUrl":"https:\/\/combodo.com\/wp-content\/uploads\/2025\/06\/yoast-logo.jpg","width":696,"height":696,"caption":"iTop"},"image":{"@id":"https:\/\/combodo.com\/#\/schema\/logo\/image\/"},"sameAs":["https:\/\/x.com\/iTopByCombodo","https:\/\/www.youtube.com\/@itopbycombodo1800"]}]}},"_links":{"self":[{"href":"https:\/\/combodo.com\/fr\/wp-json\/wp\/v2\/pages\/6559","targetHints":{"allow":["GET"]}}],"collection":[{"href":"https:\/\/combodo.com\/fr\/wp-json\/wp\/v2\/pages"}],"about":[{"href":"https:\/\/combodo.com\/fr\/wp-json\/wp\/v2\/types\/page"}],"author":[{"embeddable":true,"href":"https:\/\/combodo.com\/fr\/wp-json\/wp\/v2\/users\/2"}],"replies":[{"embeddable":true,"href":"https:\/\/combodo.com\/fr\/wp-json\/wp\/v2\/comments?post=6559"}],"version-history":[{"count":0,"href":"https:\/\/combodo.com\/fr\/wp-json\/wp\/v2\/pages\/6559\/revisions"}],"wp:attachment":[{"href":"https:\/\/combodo.com\/fr\/wp-json\/wp\/v2\/media?parent=6559"}],"curies":[{"name":"wp","href":"https:\/\/api.w.org\/{rel}","templated":true}]}}