{"id":7025,"date":"2025-06-11T13:24:15","date_gmt":"2025-06-11T13:24:15","guid":{"rendered":"https:\/\/itopdev.wpenginepowered.com\/formations\/register\/"},"modified":"2025-07-15T12:21:26","modified_gmt":"2025-07-15T12:21:26","slug":"inscription","status":"publish","type":"page","link":"https:\/\/combodo.com\/fr\/formations\/inscription\/","title":{"rendered":"Inscription formation"},"content":{"rendered":"<p>[et_pb_section fb_built=\u00a0\u00bb1&Prime; admin_label=\u00a0\u00bbHeader page\u00a0\u00bb module_class=\u00a0\u00bbheader-section dots-bottom-right header-small-section\u00a0\u00bb _builder_version=\u00a0\u00bb4.16&Prime; _module_preset=\u00a0\u00bbdefault\u00a0\u00bb global_colors_info=\u00a0\u00bb{}\u00a0\u00bb][et_pb_row module_class=\u00a0\u00bbheader-row\u00a0\u00bb _builder_version=\u00a0\u00bb4.16&Prime; _module_preset=\u00a0\u00bbdefault\u00a0\u00bb animation_style=\u00a0\u00bbfade\u00a0\u00bb global_colors_info=\u00a0\u00bb{}\u00a0\u00bb][et_pb_column type=\u00a0\u00bb4_4&Prime; _builder_version=\u00a0\u00bb4.16&Prime; _module_preset=\u00a0\u00bbdefault\u00a0\u00bb global_colors_info=\u00a0\u00bb{}\u00a0\u00bb][et_pb_text admin_label=\u00a0\u00bbSubtitle\u00a0\u00bb module_class=\u00a0\u00bbtag-module\u00a0\u00bb _builder_version=\u00a0\u00bb4.27.4&Prime; _module_preset=\u00a0\u00bbdefault\u00a0\u00bb hover_enabled=\u00a0\u00bb0&Prime; global_colors_info=\u00a0\u00bb{}\u00a0\u00bb sticky_enabled=\u00a0\u00bb0&Prime;]Formation[\/et_pb_text][et_pb_cta title=\u00a0\u00bbInscription<span>.<\/span>\u00a0\u00bb admin_label=\u00a0\u00bbTitre\u00a0\u00bb module_class=\u00a0\u00bbheader-title\u00a0\u00bb _builder_version=\u00a0\u00bb4.27.4&Prime; _module_preset=\u00a0\u00bbdefault\u00a0\u00bb header_level=\u00a0\u00bbh1&Prime; text_orientation=\u00a0\u00bbleft\u00a0\u00bb background_layout=\u00a0\u00bblight\u00a0\u00bb hover_enabled=\u00a0\u00bb0&Prime; global_colors_info=\u00a0\u00bb{}\u00a0\u00bb sticky_enabled=\u00a0\u00bb0&Prime;][\/et_pb_cta][\/et_pb_column][\/et_pb_row][et_pb_row module_class=\u00a0\u00bbheader-bottom-row right\u00a0\u00bb _builder_version=\u00a0\u00bb4.16&Prime; _module_preset=\u00a0\u00bbdefault\u00a0\u00bb background_color=\u00a0\u00bbRGBA(255,255,255,0)\u00a0\u00bb collapsed=\u00a0\u00bbon\u00a0\u00bb global_colors_info=\u00a0\u00bb{}\u00a0\u00bb][et_pb_column type=\u00a0\u00bb4_4&Prime; _builder_version=\u00a0\u00bb4.16&Prime; _module_preset=\u00a0\u00bbdefault\u00a0\u00bb global_colors_info=\u00a0\u00bb{}\u00a0\u00bb][\/et_pb_column][\/et_pb_row][\/et_pb_section][et_pb_section fb_built=\u00a0\u00bb1&Prime; admin_label=\u00a0\u00bbDescription\u00a0\u00bb module_class=\u00a0\u00bbbg-dark sub-header-section arc-orange arc-right no-border-b no-padding-t\u00a0\u00bb _builder_version=\u00a0\u00bb4.16&Prime; _module_preset=\u00a0\u00bbdefault\u00a0\u00bb global_colors_info=\u00a0\u00bb{}\u00a0\u00bb][et_pb_row module_class=\u00a0\u00bbsub-header-row\u00a0\u00bb _builder_version=\u00a0\u00bb4.16&Prime; _module_preset=\u00a0\u00bbdefault\u00a0\u00bb animation_style=\u00a0\u00bbfade\u00a0\u00bb global_colors_info=\u00a0\u00bb{}\u00a0\u00bb][et_pb_column type=\u00a0\u00bb4_4&Prime; _builder_version=\u00a0\u00bb4.16&Prime; _module_preset=\u00a0\u00bbdefault\u00a0\u00bb global_colors_info=\u00a0\u00bb{}\u00a0\u00bb][et_pb_code admin_label=\u00a0\u00bbForm\u00a0\u00bb module_class=\u00a0\u00bbform-module\u00a0\u00bb _builder_version=\u00a0\u00bb4.27.4&Prime; _module_preset=\u00a0\u00bbdefault\u00a0\u00bb hover_enabled=\u00a0\u00bb0&Prime; global_colors_info=\u00a0\u00bb{}\u00a0\u00bb sticky_enabled=\u00a0\u00bb0&Prime;]\n\t\t\t\t\t\t<script>\n\t\t\t\t\t\t\twindow.hsFormsOnReady = window.hsFormsOnReady || [];\n\t\t\t\t\t\t\twindow.hsFormsOnReady.push(()=>{\n\t\t\t\t\t\t\t\thbspt.forms.create({\n\t\t\t\t\t\t\t\t\tportalId: 26785591,\n\t\t\t\t\t\t\t\t\tformId: \"d715c150-ef39-4aa8-b11b-0d1b98f5e32a\",\n\t\t\t\t\t\t\t\t\ttarget: \"#hbspt-form-1775930381000-3560839323\",\n\t\t\t\t\t\t\t\t\tregion: \"eu1\",\n\t\t\t\t\t\t\t\t\t\n\t\t\t\t\t\t\t})});\n\t\t\t\t\t\t<\/script>\n\t\t\t\t\t\t<div class=\"hbspt-form\" id=\"hbspt-form-1775930381000-3560839323\"><\/div>[\/et_pb_code][\/et_pb_column][\/et_pb_row][\/et_pb_section]<\/p>\n","protected":false},"excerpt":{"rendered":"<p>Formation\n\t\t\t\t\t\t<script>\n\t\t\t\t\t\t\twindow.hsFormsOnReady = window.hsFormsOnReady || [];\n\t\t\t\t\t\t\twindow.hsFormsOnReady.push(()=>{\n\t\t\t\t\t\t\t\thbspt.forms.create({\n\t\t\t\t\t\t\t\t\tportalId: 26785591,\n\t\t\t\t\t\t\t\t\tformId: \"d715c150-ef39-4aa8-b11b-0d1b98f5e32a\",\n\t\t\t\t\t\t\t\t\ttarget: \"#hbspt-form-1775930381000-4187774024\",\n\t\t\t\t\t\t\t\t\tregion: \"eu1\",\n\t\t\t\t\t\t\t\t\t\n\t\t\t\t\t\t\t})});\n\t\t\t\t\t\t<\/script>\n\t\t\t\t\t\t<div class=\"hbspt-form\" id=\"hbspt-form-1775930381000-4187774024\"><\/div><\/p>\n","protected":false},"author":2,"featured_media":0,"parent":6551,"menu_order":0,"comment_status":"closed","ping_status":"closed","template":"","meta":{"_acf_changed":false,"_et_pb_use_builder":"on","_et_pb_old_content":"","_et_gb_content_width":"","content-type":"","footnotes":""},"class_list":["post-7025","page","type-page","status-publish","hentry"],"acf":[],"yoast_head":"<!-- This site is optimized with the Yoast SEO plugin v27.3 - https:\/\/yoast.com\/product\/yoast-seo-wordpress\/ -->\n<title>Inscription formation - iTop, easy service management<\/title>\n<meta name=\"description\" content=\"Inscrivez-vous aux formations iTop propos\u00e9es par Combodo. Choisissez votre session et d\u00e9veloppez vos comp\u00e9tences en gestion IT.\" \/>\n<meta name=\"robots\" content=\"index, follow, max-snippet:-1, max-image-preview:large, max-video-preview:-1\" \/>\n<link rel=\"canonical\" href=\"https:\/\/combodo.com\/fr\/formations\/inscription\/\" \/>\n<meta property=\"og:locale\" content=\"fr_FR\" \/>\n<meta property=\"og:type\" content=\"article\" \/>\n<meta property=\"og:title\" content=\"Inscription formation - iTop, easy service management\" \/>\n<meta property=\"og:description\" content=\"Inscrivez-vous aux formations iTop propos\u00e9es par Combodo. Choisissez votre session et d\u00e9veloppez vos comp\u00e9tences en gestion IT.\" \/>\n<meta property=\"og:url\" content=\"https:\/\/combodo.com\/fr\/formations\/inscription\/\" \/>\n<meta property=\"og:site_name\" content=\"iTop\" \/>\n<meta property=\"article:modified_time\" content=\"2025-07-15T12:21:26+00:00\" \/>\n<meta property=\"og:image\" content=\"https:\/\/combodo.com\/wp-content\/uploads\/2025\/06\/yoast.jpg\" \/>\n\t<meta property=\"og:image:width\" content=\"1200\" \/>\n\t<meta property=\"og:image:height\" content=\"675\" \/>\n\t<meta property=\"og:image:type\" content=\"image\/jpeg\" \/>\n<meta name=\"twitter:card\" content=\"summary_large_image\" \/>\n<meta name=\"twitter:label1\" content=\"Est. reading time\" \/>\n\t<meta name=\"twitter:data1\" content=\"1 minute\" \/>\n<script type=\"application\/ld+json\" class=\"yoast-schema-graph\">{\"@context\":\"https:\\\/\\\/schema.org\",\"@graph\":[{\"@type\":\"WebPage\",\"@id\":\"https:\\\/\\\/combodo.com\\\/fr\\\/formations\\\/inscription\\\/\",\"url\":\"https:\\\/\\\/combodo.com\\\/fr\\\/formations\\\/inscription\\\/\",\"name\":\"Inscription formation - iTop, easy service management\",\"isPartOf\":{\"@id\":\"https:\\\/\\\/combodo.com\\\/#website\"},\"datePublished\":\"2025-06-11T13:24:15+00:00\",\"dateModified\":\"2025-07-15T12:21:26+00:00\",\"description\":\"Inscrivez-vous aux formations iTop propos\u00e9es par Combodo. Choisissez votre session et d\u00e9veloppez vos comp\u00e9tences en gestion IT.\",\"breadcrumb\":{\"@id\":\"https:\\\/\\\/combodo.com\\\/fr\\\/formations\\\/inscription\\\/#breadcrumb\"},\"inLanguage\":\"fr-FR\",\"potentialAction\":[{\"@type\":\"ReadAction\",\"target\":[\"https:\\\/\\\/combodo.com\\\/fr\\\/formations\\\/inscription\\\/\"]}]},{\"@type\":\"BreadcrumbList\",\"@id\":\"https:\\\/\\\/combodo.com\\\/fr\\\/formations\\\/inscription\\\/#breadcrumb\",\"itemListElement\":[{\"@type\":\"ListItem\",\"position\":1,\"name\":\"Home\",\"item\":\"https:\\\/\\\/combodo.com\\\/fr\\\/\"},{\"@type\":\"ListItem\",\"position\":2,\"name\":\"Formations\",\"item\":\"https:\\\/\\\/combodo.com\\\/fr\\\/formations\\\/\"},{\"@type\":\"ListItem\",\"position\":3,\"name\":\"Inscription formation\"}]},{\"@type\":\"WebSite\",\"@id\":\"https:\\\/\\\/combodo.com\\\/#website\",\"url\":\"https:\\\/\\\/combodo.com\\\/\",\"name\":\"iTop, easy service management\",\"description\":\"Easy service management\",\"publisher\":{\"@id\":\"https:\\\/\\\/combodo.com\\\/#organization\"},\"potentialAction\":[{\"@type\":\"SearchAction\",\"target\":{\"@type\":\"EntryPoint\",\"urlTemplate\":\"https:\\\/\\\/combodo.com\\\/?s={search_term_string}\"},\"query-input\":{\"@type\":\"PropertyValueSpecification\",\"valueRequired\":true,\"valueName\":\"search_term_string\"}}],\"inLanguage\":\"fr-FR\"},{\"@type\":\"Organization\",\"@id\":\"https:\\\/\\\/combodo.com\\\/#organization\",\"name\":\"iTop\",\"url\":\"https:\\\/\\\/combodo.com\\\/\",\"logo\":{\"@type\":\"ImageObject\",\"inLanguage\":\"fr-FR\",\"@id\":\"https:\\\/\\\/combodo.com\\\/#\\\/schema\\\/logo\\\/image\\\/\",\"url\":\"https:\\\/\\\/combodo.com\\\/wp-content\\\/uploads\\\/2025\\\/06\\\/yoast-logo.jpg\",\"contentUrl\":\"https:\\\/\\\/combodo.com\\\/wp-content\\\/uploads\\\/2025\\\/06\\\/yoast-logo.jpg\",\"width\":696,\"height\":696,\"caption\":\"iTop\"},\"image\":{\"@id\":\"https:\\\/\\\/combodo.com\\\/#\\\/schema\\\/logo\\\/image\\\/\"},\"sameAs\":[\"https:\\\/\\\/x.com\\\/iTopByCombodo\",\"https:\\\/\\\/www.youtube.com\\\/@itopbycombodo1800\"]}]}<\/script>\n<!-- \/ Yoast SEO plugin. -->","yoast_head_json":{"title":"Inscription formation - iTop, easy service management","description":"Inscrivez-vous aux formations iTop propos\u00e9es par Combodo. Choisissez votre session et d\u00e9veloppez vos comp\u00e9tences en gestion IT.","robots":{"index":"index","follow":"follow","max-snippet":"max-snippet:-1","max-image-preview":"max-image-preview:large","max-video-preview":"max-video-preview:-1"},"canonical":"https:\/\/combodo.com\/fr\/formations\/inscription\/","og_locale":"fr_FR","og_type":"article","og_title":"Inscription formation - iTop, easy service management","og_description":"Inscrivez-vous aux formations iTop propos\u00e9es par Combodo. Choisissez votre session et d\u00e9veloppez vos comp\u00e9tences en gestion IT.","og_url":"https:\/\/combodo.com\/fr\/formations\/inscription\/","og_site_name":"iTop","article_modified_time":"2025-07-15T12:21:26+00:00","og_image":[{"width":1200,"height":675,"url":"https:\/\/combodo.com\/wp-content\/uploads\/2025\/06\/yoast.jpg","type":"image\/jpeg"}],"twitter_card":"summary_large_image","twitter_misc":{"Est. reading time":"1 minute"},"schema":{"@context":"https:\/\/schema.org","@graph":[{"@type":"WebPage","@id":"https:\/\/combodo.com\/fr\/formations\/inscription\/","url":"https:\/\/combodo.com\/fr\/formations\/inscription\/","name":"Inscription formation - iTop, easy service management","isPartOf":{"@id":"https:\/\/combodo.com\/#website"},"datePublished":"2025-06-11T13:24:15+00:00","dateModified":"2025-07-15T12:21:26+00:00","description":"Inscrivez-vous aux formations iTop propos\u00e9es par Combodo. Choisissez votre session et d\u00e9veloppez vos comp\u00e9tences en gestion IT.","breadcrumb":{"@id":"https:\/\/combodo.com\/fr\/formations\/inscription\/#breadcrumb"},"inLanguage":"fr-FR","potentialAction":[{"@type":"ReadAction","target":["https:\/\/combodo.com\/fr\/formations\/inscription\/"]}]},{"@type":"BreadcrumbList","@id":"https:\/\/combodo.com\/fr\/formations\/inscription\/#breadcrumb","itemListElement":[{"@type":"ListItem","position":1,"name":"Home","item":"https:\/\/combodo.com\/fr\/"},{"@type":"ListItem","position":2,"name":"Formations","item":"https:\/\/combodo.com\/fr\/formations\/"},{"@type":"ListItem","position":3,"name":"Inscription formation"}]},{"@type":"WebSite","@id":"https:\/\/combodo.com\/#website","url":"https:\/\/combodo.com\/","name":"iTop, easy service management","description":"Easy service management","publisher":{"@id":"https:\/\/combodo.com\/#organization"},"potentialAction":[{"@type":"SearchAction","target":{"@type":"EntryPoint","urlTemplate":"https:\/\/combodo.com\/?s={search_term_string}"},"query-input":{"@type":"PropertyValueSpecification","valueRequired":true,"valueName":"search_term_string"}}],"inLanguage":"fr-FR"},{"@type":"Organization","@id":"https:\/\/combodo.com\/#organization","name":"iTop","url":"https:\/\/combodo.com\/","logo":{"@type":"ImageObject","inLanguage":"fr-FR","@id":"https:\/\/combodo.com\/#\/schema\/logo\/image\/","url":"https:\/\/combodo.com\/wp-content\/uploads\/2025\/06\/yoast-logo.jpg","contentUrl":"https:\/\/combodo.com\/wp-content\/uploads\/2025\/06\/yoast-logo.jpg","width":696,"height":696,"caption":"iTop"},"image":{"@id":"https:\/\/combodo.com\/#\/schema\/logo\/image\/"},"sameAs":["https:\/\/x.com\/iTopByCombodo","https:\/\/www.youtube.com\/@itopbycombodo1800"]}]}},"_links":{"self":[{"href":"https:\/\/combodo.com\/fr\/wp-json\/wp\/v2\/pages\/7025","targetHints":{"allow":["GET"]}}],"collection":[{"href":"https:\/\/combodo.com\/fr\/wp-json\/wp\/v2\/pages"}],"about":[{"href":"https:\/\/combodo.com\/fr\/wp-json\/wp\/v2\/types\/page"}],"author":[{"embeddable":true,"href":"https:\/\/combodo.com\/fr\/wp-json\/wp\/v2\/users\/2"}],"replies":[{"embeddable":true,"href":"https:\/\/combodo.com\/fr\/wp-json\/wp\/v2\/comments?post=7025"}],"version-history":[{"count":0,"href":"https:\/\/combodo.com\/fr\/wp-json\/wp\/v2\/pages\/7025\/revisions"}],"up":[{"embeddable":true,"href":"https:\/\/combodo.com\/fr\/wp-json\/wp\/v2\/pages\/6551"}],"wp:attachment":[{"href":"https:\/\/combodo.com\/fr\/wp-json\/wp\/v2\/media?parent=7025"}],"curies":[{"name":"wp","href":"https:\/\/api.w.org\/{rel}","templated":true}]}}